{"id":36,"date":"2016-12-22T14:44:47","date_gmt":"2016-12-22T14:44:47","guid":{"rendered":"http:\/\/www.dnimoehitus.ee\/?page_id=36"},"modified":"2026-03-22T13:19:30","modified_gmt":"2026-03-22T11:19:30","slug":"kontakt","status":"publish","type":"page","link":"https:\/\/www.dnimoepood.ee\/ru\/kontakt\/","title":{"rendered":"Kontakt"},"content":{"rendered":"<h3 class=\"wp-block-heading\">Dnimo O\u00dc<\/h3>\n\n\n\n<h3 class=\"wp-block-heading\">\u0420\u0435\u0433\u0438\u0441\u0442\u0440\u0430\u0446\u0438\u043e\u043d\u043d\u044b\u0439 \u043d\u043e\u043c\u0435\u0440: <strong>12764582<\/strong><\/h3>\n\n\n\n<h3 class=\"wp-block-heading\">\u041d\u043e\u043c\u0435\u0440 \u041a\u041c\u041a\u0420: EE101897426<\/h3>\n\n\n\n<h3 class=\"wp-block-heading\">\u041f\u043d\u2013\u041f\u0442 9:00\u201318:00<\/h3>\n\n\n\n<h3 class=\"wp-block-heading\">\ud83d\udccd<a href=\"https:\/\/maps.app.goo.gl\/1KYmpCEPJq6U9UP5A\">Vana-Narva mnt 30, Maardu 74114<\/a><\/h3>\n\n\n\n<h4 class=\"wp-block-heading\">\u260e <a href=\"tel:+3725546801\">+372 5546 801<\/a><\/h4>\n\n\n\n<h4 class=\"wp-block-heading\">\u260e <a href=\"tel:+37256873232\">+372 5687 3232<\/a><\/h4>\n\n\n\n<h4 class=\"wp-block-heading\">\ud83d\udce7<a href=\"mailto:info@termofassaad.ee\">info@termofassaad.ee<\/a><\/h4>\n\n\n\n<p class=\"has-black-color has-text-color has-link-color has-small-font-size wp-elements-5195f6730d15faa2c47aeaaf14b186ba\"><em>\u0412 \u043f\u0440\u0438\u043b\u043e\u0436\u0435\u043d\u0438\u0438 Google Maps\/Waze \u0432\u0432\u0435\u0434\u0438\u0442\u0435 \u0432 \u0441\u0442\u0440\u043e\u043a\u0443 \u043f\u043e\u0438\u0441\u043a\u0430 \u043d\u0430\u0437\u0432\u0430\u043d\u0438\u0435 \u0444\u0438\u0440\u043c\u044b Dnimo O\u00dc<\/em><\/p>\n\n\n\n<p class=\"has-black-color has-text-color has-link-color has-small-font-size wp-elements-238d73878451c5a65f425d269348fbbb\" style=\"font-style:normal;font-weight:400\"><span style=\"text-decoration: underline;\"><em>\u041f\u0440\u043e\u0441\u0438\u043c \u0437\u0430\u0440\u0430\u043d\u0435\u0435 \u0434\u043e\u0433\u043e\u0432\u0430\u0440\u0438\u0432\u0430\u0442\u044c\u0441\u044f \u043e \u0432\u0441\u0442\u0440\u0435\u0447\u0435 \u0432 \u043a\u043e\u043d\u0442\u043e\u0440\u0435!<\/em><\/span><\/p>\n\n\n\n<iframe loading=\"lazy\" src=\"https:\/\/www.google.com\/maps\/embed?pb=!1m18!1m12!1m3!1d2027.8650741609663!2d24.9644941802291!3d59.452001187796505!2m3!1f0!2f0!3f0!3m2!1i1024!2i768!4f13.1!3m3!1m2!1s0x4692eddbbd582041%3A0xb9fa4ff70e6bb294!2sDnimo%20O%C3%9C%20ladu!5e0!3m2!1sru!2see!4v1583947025909!5m2!1sru!2see\" width=\"600\" height=\"450\" frameborder=\"0\" style=\"border:0;\" allowfullscreen=\"\" aria-hidden=\"false\" tabindex=\"0\"><\/iframe>\n\n\n\n<p><\/p>\n\n\n\n<p class=\"has-black-color has-text-color has-link-color has-small-font-size wp-elements-483c482b17c2ec082ba03e5aa3c25192\" style=\"font-style:normal;font-weight:400\"><em>\u0427\u0442\u043e\u0431\u044b \u043f\u043e\u043b\u0443\u0447\u0438\u0442\u044c \u0446\u0435\u043d\u043e\u0432\u043e\u0435 \u043f\u0440\u0435\u0434\u043b\u043e\u0436\u0435\u043d\u0438\u0435, \u043f\u043e\u0436\u0430\u043b\u0443\u0439\u0441\u0442\u0430, \u0441\u0432\u044f\u0436\u0438\u0442\u0435\u0441\u044c \u0441 \u043d\u0430\u043c\u0438:<\/em><\/p>\n\n\n\n<div class=\"wpcf7 no-js\" id=\"wpcf7-f253-o1\" lang=\"ru-RU\" dir=\"ltr\" data-wpcf7-id=\"253\">\n<div class=\"screen-reader-response\"><p role=\"status\" aria-live=\"polite\" aria-atomic=\"true\"><\/p> <ul><\/ul><\/div>\n<form action=\"\/ru\/wp-json\/wp\/v2\/pages\/36#wpcf7-f253-o1\" method=\"post\" class=\"wpcf7-form init\" aria-label=\"\u041a\u043e\u043d\u0442\u0430\u043a\u0442\u043d\u0430\u044f \u0444\u043e\u0440\u043c\u0430\" novalidate=\"novalidate\" data-status=\"init\" data-trp-original-action=\"\/ru\/wp-json\/wp\/v2\/pages\/36#wpcf7-f253-o1\">\n<fieldset class=\"hidden-fields-container\"><input type=\"hidden\" name=\"_wpcf7\" value=\"253\" \/><input type=\"hidden\" name=\"_wpcf7_version\" value=\"6.1.5\" \/><input type=\"hidden\" name=\"_wpcf7_locale\" value=\"ru_RU\" \/><input type=\"hidden\" name=\"_wpcf7_unit_tag\" value=\"wpcf7-f253-o1\" \/><input type=\"hidden\" name=\"_wpcf7_container_post\" value=\"0\" \/><input type=\"hidden\" name=\"_wpcf7_posted_data_hash\" value=\"\" \/>\n<\/fieldset>\n<p><label> \u0412\u0430\u0448\u0435 \u0418\u043c\u044f (\u043e\u0431\u044f\u0437\u0430\u0442\u0435\u043b\u044c\u043d\u043e)<br \/>\n<span class=\"wpcf7-form-control-wrap\" data-name=\"your-name\"><input size=\"40\" maxlength=\"400\" class=\"wpcf7-form-control wpcf7-text wpcf7-validates-as-required\" aria-required=\"true\" aria-invalid=\"false\" value=\"\" type=\"text\" name=\"your-name\" \/><\/span> <\/label>\n<\/p>\n<p><label> \u0412\u0430\u0448 \u044d\u043b\u0435\u043a\u0442\u0440\u043e\u043d\u043d\u044b\u0439 \u0430\u0434\u0440\u0435\u0441 (\u043e\u0431\u044f\u0437\u0430\u0442\u0435\u043b\u044c\u043d\u043e)<br \/>\n<span class=\"wpcf7-form-control-wrap\" data-name=\"your-email\"><input size=\"40\" maxlength=\"400\" class=\"wpcf7-form-control wpcf7-email wpcf7-validates-as-required wpcf7-text wpcf7-validates-as-email\" aria-required=\"true\" aria-invalid=\"false\" value=\"\" type=\"email\" name=\"your-email\" \/><\/span> <\/label>\n<\/p>\n<p><label> \u0422\u0435\u043c\u0430<br \/>\n<span class=\"wpcf7-form-control-wrap\" data-name=\"your-subject\"><input size=\"40\" maxlength=\"400\" class=\"wpcf7-form-control wpcf7-text\" aria-invalid=\"false\" value=\"\" type=\"text\" name=\"your-subject\" \/><\/span> <\/label>\n<\/p>\n<p><label> \u0421\u043e\u043e\u0431\u0449\u0435\u043d\u0438\u0435<br \/>\n<span class=\"wpcf7-form-control-wrap\" data-name=\"your-message\"><textarea cols=\"40\" rows=\"10\" maxlength=\"2000\" class=\"wpcf7-form-control wpcf7-textarea\" aria-invalid=\"false\" name=\"your-message\"><\/textarea><\/span> <\/label>\n<\/p>\n<p><input class=\"wpcf7-form-control wpcf7-submit has-spinner\" type=\"submit\" value=\"\u041e\u0442\u043f\u0440\u0430\u0432\u0438\u0442\u044c\" \/>\n<\/p><p style=\"display: none !important;\" class=\"akismet-fields-container\" data-prefix=\"_wpcf7_ak_\"><label>&#916;<textarea name=\"_wpcf7_ak_hp_textarea\" cols=\"45\" rows=\"8\" maxlength=\"100\"><\/textarea><\/label><input type=\"hidden\" id=\"ak_js_1\" name=\"_wpcf7_ak_js\" value=\"20\"\/><script>\ndocument.getElementById( \"ak_js_1\" ).setAttribute( \"value\", ( new Date() ).getTime() );\n<\/script>\n<\/p><div class=\"wpcf7-response-output\" aria-hidden=\"true\"><\/div>\n<input type=\"hidden\" name=\"trp-form-language\" value=\"ru\"\/><\/form>\n<\/div>\n\n\n\n\n<p><\/p>","protected":false},"excerpt":{"rendered":"<p>Dnimo O\u00dc Registrikood: 12764582 Kmkr nr. EE101897426 E-R 9:00\u201318:00 \ud83d\udccdVana-Narva mnt 30, Maardu 74114 \u260e +372 5546 801 \u260e +372 5687 3232 \ud83d\udce7info@termofassaad.ee Google\u00a0Maps\/Waze rakenduses sisestage\u00a0otsingusse\u00a0ettev\u00f5te\u00a0nimi\u00a0Dnimo O\u00dc Palume kohtumise\u00a0aeg kontoris\u00a0eelnevalt kokku leppida! Hinnapakkumise saamiseks, v\u00f5tke palun meiega \u00fchendust:<\/p>","protected":false},"author":1,"featured_media":0,"parent":0,"menu_order":0,"comment_status":"closed","ping_status":"closed","template":"","meta":{"ngg_post_thumbnail":0,"ocean_post_layout":"","ocean_both_sidebars_style":"","ocean_both_sidebars_content_width":0,"ocean_both_sidebars_sidebars_width":0,"ocean_sidebar":"0","ocean_second_sidebar":"0","ocean_disable_margins":"enable","ocean_add_body_class":"","ocean_shortcode_before_top_bar":"","ocean_shortcode_after_top_bar":"","ocean_shortcode_before_header":"","ocean_shortcode_after_header":"","ocean_has_shortcode":"","ocean_shortcode_after_title":"","ocean_shortcode_before_footer_widgets":"","ocean_shortcode_after_footer_widgets":"","ocean_shortcode_before_footer_bottom":"","ocean_shortcode_after_footer_bottom":"","ocean_display_top_bar":"default","ocean_display_header":"default","ocean_header_style":"","ocean_center_header_left_menu":"0","ocean_custom_header_template":"0","ocean_custom_logo":0,"ocean_custom_retina_logo":0,"ocean_custom_logo_max_width":0,"ocean_custom_logo_tablet_max_width":0,"ocean_custom_logo_mobile_max_width":0,"ocean_custom_logo_max_height":0,"ocean_custom_logo_tablet_max_height":0,"ocean_custom_logo_mobile_max_height":0,"ocean_header_custom_menu":"0","ocean_menu_typo_font_family":"0","ocean_menu_typo_font_subset":"","ocean_menu_typo_font_size":0,"ocean_menu_typo_font_size_tablet":0,"ocean_menu_typo_font_size_mobile":0,"ocean_menu_typo_font_size_unit":"px","ocean_menu_typo_font_weight":"","ocean_menu_typo_font_weight_tablet":"","ocean_menu_typo_font_weight_mobile":"","ocean_menu_typo_transform":"","ocean_menu_typo_transform_tablet":"","ocean_menu_typo_transform_mobile":"","ocean_menu_typo_line_height":0,"ocean_menu_typo_line_height_tablet":0,"ocean_menu_typo_line_height_mobile":0,"ocean_menu_typo_line_height_unit":"","ocean_menu_typo_spacing":0,"ocean_menu_typo_spacing_tablet":0,"ocean_menu_typo_spacing_mobile":0,"ocean_menu_typo_spacing_unit":"","ocean_menu_link_color":"","ocean_menu_link_color_hover":"","ocean_menu_link_color_active":"","ocean_menu_link_background":"","ocean_menu_link_hover_background":"","ocean_menu_link_active_background":"","ocean_menu_social_links_bg":"","ocean_menu_social_hover_links_bg":"","ocean_menu_social_links_color":"","ocean_menu_social_hover_links_color":"","ocean_disable_title":"default","ocean_disable_heading":"default","ocean_post_title":"","ocean_post_subheading":"","ocean_post_title_style":"","ocean_post_title_background_color":"","ocean_post_title_background":0,"ocean_post_title_bg_image_position":"","ocean_post_title_bg_image_attachment":"","ocean_post_title_bg_image_repeat":"","ocean_post_title_bg_image_size":"","ocean_post_title_height":0,"ocean_post_title_bg_overlay":0.5,"ocean_post_title_bg_overlay_color":"","ocean_disable_breadcrumbs":"default","ocean_breadcrumbs_color":"","ocean_breadcrumbs_separator_color":"","ocean_breadcrumbs_links_color":"","ocean_breadcrumbs_links_hover_color":"","ocean_display_footer_widgets":"default","ocean_display_footer_bottom":"default","ocean_custom_footer_template":"0","omw_enable_modal_window":"enable","footnotes":""},"class_list":["post-36","page","type-page","status-publish","hentry","entry","owp-thumbs-layout-horizontal","owp-btn-normal","owp-tabs-layout-horizontal","has-no-thumbnails","has-product-nav"],"yoast_head":"<!-- This site is optimized with the Yoast SEO plugin v27.5 - https:\/\/yoast.com\/product\/yoast-seo-wordpress\/ -->\n<title>Kontakt - DNIMO O\u00dc<\/title>\n<meta name=\"description\" content=\"Kontakt andmed - Dnimo O\u00fc - Ladu asub Vana-Narva mnt 30, Maardu 74114 - Telli otse e-poest v\u00f5i saada hinnap\u00e4ringu!\" \/>\n<meta name=\"robots\" content=\"index, follow, max-snippet:-1, max-image-preview:large, max-video-preview:-1\" \/>\n<link rel=\"canonical\" href=\"https:\/\/www.dnimoepood.ee\/ru\/kontakt\/\" \/>\n<meta property=\"og:locale\" content=\"ru_RU\" \/>\n<meta property=\"og:type\" content=\"article\" \/>\n<meta property=\"og:title\" content=\"Kontakt - DNIMO O\u00dc\" \/>\n<meta property=\"og:description\" content=\"Kontakt andmed - Dnimo O\u00fc - Ladu asub Vana-Narva mnt 30, Maardu 74114 - Telli otse e-poest v\u00f5i saada hinnap\u00e4ringu!\" \/>\n<meta property=\"og:url\" content=\"https:\/\/www.dnimoepood.ee\/ru\/kontakt\/\" \/>\n<meta property=\"og:site_name\" content=\"DNIMO O\u00dc\" \/>\n<meta property=\"article:publisher\" content=\"https:\/\/www.facebook.com\/Dnimoepood\" \/>\n<meta property=\"article:modified_time\" content=\"2026-03-22T11:19:30+00:00\" \/>\n<meta name=\"twitter:card\" content=\"summary_large_image\" \/>\n<meta name=\"twitter:label1\" content=\"\u041f\u0440\u0438\u043c\u0435\u0440\u043d\u043e\u0435 \u0432\u0440\u0435\u043c\u044f \u0434\u043b\u044f \u0447\u0442\u0435\u043d\u0438\u044f\" \/>\n\t<meta name=\"twitter:data1\" content=\"1 \u043c\u0438\u043d\u0443\u0442\u0430\" \/>\n<script type=\"application\/ld+json\" class=\"yoast-schema-graph\">{\"@context\":\"https:\\\/\\\/schema.org\",\"@graph\":[{\"@type\":\"WebPage\",\"@id\":\"https:\\\/\\\/www.dnimoepood.ee\\\/kontakt\\\/\",\"url\":\"https:\\\/\\\/www.dnimoepood.ee\\\/kontakt\\\/\",\"name\":\"Kontakt - DNIMO O\u00dc\",\"isPartOf\":{\"@id\":\"https:\\\/\\\/www.dnimoepood.ee\\\/#website\"},\"datePublished\":\"2016-12-22T14:44:47+00:00\",\"dateModified\":\"2026-03-22T11:19:30+00:00\",\"description\":\"Kontakt andmed - Dnimo O\u00fc - Ladu asub Vana-Narva mnt 30, Maardu 74114 - Telli otse e-poest v\u00f5i saada hinnap\u00e4ringu!\",\"breadcrumb\":{\"@id\":\"https:\\\/\\\/www.dnimoepood.ee\\\/kontakt\\\/#breadcrumb\"},\"inLanguage\":\"ru-RU\",\"potentialAction\":[{\"@type\":\"ReadAction\",\"target\":[\"https:\\\/\\\/www.dnimoepood.ee\\\/kontakt\\\/\"]}]},{\"@type\":\"BreadcrumbList\",\"@id\":\"https:\\\/\\\/www.dnimoepood.ee\\\/kontakt\\\/#breadcrumb\",\"itemListElement\":[{\"@type\":\"ListItem\",\"position\":1,\"name\":\"\u0413\u043b\u0430\u0432\u043d\u0430\u044f \u0441\u0442\u0440\u0430\u043d\u0438\u0446\u0430\",\"item\":\"https:\\\/\\\/www.dnimoepood.ee\\\/\"},{\"@type\":\"ListItem\",\"position\":2,\"name\":\"Kontakt\"}]},{\"@type\":\"WebSite\",\"@id\":\"https:\\\/\\\/www.dnimoepood.ee\\\/#website\",\"url\":\"https:\\\/\\\/www.dnimoepood.ee\\\/\",\"name\":\"DNIMOEPOOD.EE\",\"description\":\"Teie kindel partner ehituses\",\"publisher\":{\"@id\":\"https:\\\/\\\/www.dnimoepood.ee\\\/#organization\"},\"alternateName\":\"TERMOFASSAAD.EE\",\"potentialAction\":[{\"@type\":\"SearchAction\",\"target\":{\"@type\":\"EntryPoint\",\"urlTemplate\":\"https:\\\/\\\/www.dnimoepood.ee\\\/?s={search_term_string}\"},\"query-input\":{\"@type\":\"PropertyValueSpecification\",\"valueRequired\":true,\"valueName\":\"search_term_string\"}}],\"inLanguage\":\"ru-RU\"},{\"@type\":\"Organization\",\"@id\":\"https:\\\/\\\/www.dnimoepood.ee\\\/#organization\",\"name\":\"Dnimo O\u00dc\",\"url\":\"https:\\\/\\\/www.dnimoepood.ee\\\/\",\"logo\":{\"@type\":\"ImageObject\",\"inLanguage\":\"ru-RU\",\"@id\":\"https:\\\/\\\/www.dnimoepood.ee\\\/#\\\/schema\\\/logo\\\/image\\\/\",\"url\":\"https:\\\/\\\/www.dnimoepood.ee\\\/wp-content\\\/uploads\\\/2020\\\/10\\\/LOGO.png\",\"contentUrl\":\"https:\\\/\\\/www.dnimoepood.ee\\\/wp-content\\\/uploads\\\/2020\\\/10\\\/LOGO.png\",\"width\":909,\"height\":394,\"caption\":\"Dnimo O\u00dc\"},\"image\":{\"@id\":\"https:\\\/\\\/www.dnimoepood.ee\\\/#\\\/schema\\\/logo\\\/image\\\/\"},\"sameAs\":[\"https:\\\/\\\/www.facebook.com\\\/Dnimoepood\"]}]}<\/script>\n<!-- \/ Yoast SEO plugin. -->","yoast_head_json":{"title":"Kontakt - DNIMO O\u00dc","description":"Kontakt andmed - Dnimo O\u00fc - Ladu asub Vana-Narva mnt 30, Maardu 74114 - Telli otse e-poest v\u00f5i saada hinnap\u00e4ringu!","robots":{"index":"index","follow":"follow","max-snippet":"max-snippet:-1","max-image-preview":"max-image-preview:large","max-video-preview":"max-video-preview:-1"},"canonical":"https:\/\/www.dnimoepood.ee\/ru\/kontakt\/","og_locale":"ru_RU","og_type":"article","og_title":"Kontakt - DNIMO O\u00dc","og_description":"Kontakt andmed - Dnimo O\u00fc - Ladu asub Vana-Narva mnt 30, Maardu 74114 - Telli otse e-poest v\u00f5i saada hinnap\u00e4ringu!","og_url":"https:\/\/www.dnimoepood.ee\/ru\/kontakt\/","og_site_name":"DNIMO O\u00dc","article_publisher":"https:\/\/www.facebook.com\/Dnimoepood","article_modified_time":"2026-03-22T11:19:30+00:00","twitter_card":"summary_large_image","twitter_misc":{"\u041f\u0440\u0438\u043c\u0435\u0440\u043d\u043e\u0435 \u0432\u0440\u0435\u043c\u044f \u0434\u043b\u044f \u0447\u0442\u0435\u043d\u0438\u044f":"1 \u043c\u0438\u043d\u0443\u0442\u0430"},"schema":{"@context":"https:\/\/schema.org","@graph":[{"@type":"WebPage","@id":"https:\/\/www.dnimoepood.ee\/kontakt\/","url":"https:\/\/www.dnimoepood.ee\/kontakt\/","name":"Kontakt - DNIMO O\u00dc","isPartOf":{"@id":"https:\/\/www.dnimoepood.ee\/#website"},"datePublished":"2016-12-22T14:44:47+00:00","dateModified":"2026-03-22T11:19:30+00:00","description":"Kontakt andmed - Dnimo O\u00fc - Ladu asub Vana-Narva mnt 30, Maardu 74114 - Telli otse e-poest v\u00f5i saada hinnap\u00e4ringu!","breadcrumb":{"@id":"https:\/\/www.dnimoepood.ee\/kontakt\/#breadcrumb"},"inLanguage":"ru-RU","potentialAction":[{"@type":"ReadAction","target":["https:\/\/www.dnimoepood.ee\/kontakt\/"]}]},{"@type":"BreadcrumbList","@id":"https:\/\/www.dnimoepood.ee\/kontakt\/#breadcrumb","itemListElement":[{"@type":"ListItem","position":1,"name":"\u0413\u043b\u0430\u0432\u043d\u0430\u044f \u0441\u0442\u0440\u0430\u043d\u0438\u0446\u0430","item":"https:\/\/www.dnimoepood.ee\/"},{"@type":"ListItem","position":2,"name":"Kontakt"}]},{"@type":"WebSite","@id":"https:\/\/www.dnimoepood.ee\/#website","url":"https:\/\/www.dnimoepood.ee\/","name":"DNIMOEPOOD.EE","description":"Teie kindel partner ehituses","publisher":{"@id":"https:\/\/www.dnimoepood.ee\/#organization"},"alternateName":"TERMOFASSAAD.EE","potentialAction":[{"@type":"SearchAction","target":{"@type":"EntryPoint","urlTemplate":"https:\/\/www.dnimoepood.ee\/?s={search_term_string}"},"query-input":{"@type":"PropertyValueSpecification","valueRequired":true,"valueName":"search_term_string"}}],"inLanguage":"ru-RU"},{"@type":"Organization","@id":"https:\/\/www.dnimoepood.ee\/#organization","name":"Dnimo O\u00dc","url":"https:\/\/www.dnimoepood.ee\/","logo":{"@type":"ImageObject","inLanguage":"ru-RU","@id":"https:\/\/www.dnimoepood.ee\/#\/schema\/logo\/image\/","url":"https:\/\/www.dnimoepood.ee\/wp-content\/uploads\/2020\/10\/LOGO.png","contentUrl":"https:\/\/www.dnimoepood.ee\/wp-content\/uploads\/2020\/10\/LOGO.png","width":909,"height":394,"caption":"Dnimo O\u00dc"},"image":{"@id":"https:\/\/www.dnimoepood.ee\/#\/schema\/logo\/image\/"},"sameAs":["https:\/\/www.facebook.com\/Dnimoepood"]}]}},"jetpack_sharing_enabled":true,"_links":{"self":[{"href":"https:\/\/www.dnimoepood.ee\/ru\/wp-json\/wp\/v2\/pages\/36","targetHints":{"allow":["GET"]}}],"collection":[{"href":"https:\/\/www.dnimoepood.ee\/ru\/wp-json\/wp\/v2\/pages"}],"about":[{"href":"https:\/\/www.dnimoepood.ee\/ru\/wp-json\/wp\/v2\/types\/page"}],"author":[{"embeddable":true,"href":"https:\/\/www.dnimoepood.ee\/ru\/wp-json\/wp\/v2\/users\/1"}],"replies":[{"embeddable":true,"href":"https:\/\/www.dnimoepood.ee\/ru\/wp-json\/wp\/v2\/comments?post=36"}],"version-history":[{"count":83,"href":"https:\/\/www.dnimoepood.ee\/ru\/wp-json\/wp\/v2\/pages\/36\/revisions"}],"predecessor-version":[{"id":4763,"href":"https:\/\/www.dnimoepood.ee\/ru\/wp-json\/wp\/v2\/pages\/36\/revisions\/4763"}],"wp:attachment":[{"href":"https:\/\/www.dnimoepood.ee\/ru\/wp-json\/wp\/v2\/media?parent=36"}],"curies":[{"name":"wp","href":"https:\/\/api.w.org\/{rel}","templated":true}]}}