{"id":2572,"date":"2023-01-10T16:39:39","date_gmt":"2023-01-10T14:39:39","guid":{"rendered":"https:\/\/www.dnimoepood.ee\/?post_type=product&#038;p=2572"},"modified":"2025-03-24T14:04:04","modified_gmt":"2025-03-24T12:04:04","slug":"bft-deimos-ultra-bt-a600","status":"publish","type":"product","link":"https:\/\/www.dnimoepood.ee\/ru\/epood\/bft-deimos-ultra-bt-a600\/","title":{"rendered":"BFT DEIMOS ULTRA BT A600 \u0434\u043b\u044f \u043e\u0442\u043a\u0430\u0442\u043d\u044b\u0445 \u0432\u043e\u0440\u043e\u0442"},"content":{"rendered":"<p>\u041f\u043e\u043b\u043d\u044b\u0439 \u043a\u043e\u043c\u043f\u043b\u0435\u043a\u0442 BFT DEIMOS ULTRA BT A600 \u0434\u043b\u044f \u043e\u0442\u043a\u0430\u0442\u043d\u044b\u0445 \u0432\u043e\u0440\u043e\u0442<\/p>\n<p>\u041f\u043e\u0434\u0445\u043e\u0434\u0438\u0442 \u0434\u043b\u044f \u043e\u0442\u043a\u0430\u0442\u043d\u044b\u0445 \u0432\u043e\u0440\u043e\u0442 \u0432\u0435\u0441\u043e\u043c \u0434\u043e 600 \u043a\u0433. \u0421\u043a\u043e\u0440\u043e\u0441\u0442\u044c \u0434\u0432\u0438\u0436\u0435\u043d\u0438\u044f \u0432\u043e\u0440\u043e\u0442 12 \u043c\/\u043c\u0438\u043d.<\/p>\n<p><strong>\u0412 \u043a\u043e\u043c\u043f\u043b\u0435\u043a\u0442\u0435:<\/strong><\/p>\n<ul>\n<li>\u041f\u0440\u0438\u0432\u043e\u0434 Deimos Ultra BT A600 - 1 \u0448\u0442<\/li>\n<li>4-\u043a\u0430\u043d\u0430\u043b\u044c\u043d\u044b\u0439 \u043f\u0443\u043b\u044c\u0442 Mitto Cool - 2 \u0448\u0442<\/li>\n<li>BFT LED \u0441\u0438\u0433\u043d\u0430\u043b\u044c\u043d\u0430\u044f \u043b\u0430\u043c\u043f\u0430 - 1 \u0448\u0442<\/li>\n<li>\u0424\u043e\u0442\u043e\u044d\u043b\u0435\u043c\u0435\u043d\u0442\u044b COMPACTA A20-180 - 2 \u0448\u0442<\/li>\n<\/ul>\n<p>&nbsp;<\/p>\n<p><strong>\u041a\u0443\u043f\u0438\u0442\u044c \u0434\u043e\u043f\u043e\u043b\u043d\u0438\u0442\u0435\u043b\u044c\u043d\u043e:<\/strong><\/p>\n<ul>\n<li><a href=\"https:\/\/www.dnimoepood.ee\/ru\/epood\/bft-pult-mitto-cool\/\">\u0414\u043e\u043f\u043e\u043b\u043d\u0438\u0442\u0435\u043b\u044c\u043d\u044b\u0435 \u043f\u0443\u043b\u044c\u0442\u044b<\/a><\/li>\n<\/ul>\n<p>&nbsp;<\/p>\n<p><strong>\u0422\u0435\u0445\u043d\u0438\u0447\u0435\u0441\u043a\u0438\u0435 \u0434\u0430\u043d\u043d\u044b\u0435:<\/strong><\/p>\n<ul>\n<li>\u0411\u043b\u043e\u043a \u0443\u043f\u0440\u0430\u0432\u043b\u0435\u043d\u0438\u044f: MERAK SL2<\/li>\n<li>\u041f\u0438\u0442\u0430\u043d\u0438\u0435: 230 V<\/li>\n<li>\u041d\u0430\u043f\u0440\u044f\u0436\u0435\u043d\u0438\u0435 \u0434\u0432\u0438\u0433\u0430\u0442\u0435\u043b\u044f: 24 V<\/li>\n<li>\u0412\u0445\u043e\u0434\u043d\u0430\u044f \u043c\u043e\u0449\u043d\u043e\u0441\u0442\u044c: 70 W<\/li>\n<li>\u041c\u0430\u043a\u0441\u0438\u043c\u0430\u043b\u044c\u043d\u044b\u0439 \u0432\u0435\u0441 \u0432\u043e\u0440\u043e\u0442: 600 \u043a\u0433<\/li>\n<li>\u0421\u043a\u043e\u0440\u043e\u0441\u0442\u044c \u043e\u0442\u043a\u0440\u044b\u0442\u0438\u044f \u0441\u0442\u0432\u043e\u0440\u043a\u0438: 12 \u043c\/\u043c\u0438\u043d<\/li>\n<li>\u0422\u0438\u043f \u043a\u043e\u043d\u0446\u0435\u0432\u043e\u0433\u043e \u0432\u044b\u043a\u043b\u044e\u0447\u0430\u0442\u0435\u043b\u044f: \u041c\u0430\u0433\u043d\u0438\u0442\u043d\u044b\u0439<\/li>\n<li>\u041c\u043e\u0434\u0443\u043b\u044c \u0432\u0435\u0434\u0443\u0449\u0435\u0439 \u0448\u0435\u0441\u0442\u0435\u0440\u043d\u0438: 4<\/li>\n<li>\u0417\u0430\u043c\u0435\u0434\u043b\u0435\u043d\u0438\u0435: \u0414\u0430<\/li>\n<li>\u0411\u043b\u043e\u043a\u0438\u0440\u043e\u0432\u043a\u0430: \u041c\u0435\u0445\u0430\u043d\u0438\u0447\u0435\u0441\u043a\u0430\u044f<\/li>\n<li>\u0420\u0435\u0430\u043a\u0446\u0438\u044f \u043d\u0430 \u043f\u0440\u0435\u043f\u044f\u0442\u0441\u0442\u0432\u0438\u0435: D-Track<\/li>\n<li>\u0418\u043d\u0442\u0435\u043d\u0441\u0438\u0432\u043d\u043e\u0441\u0442\u044c \u0438\u0441\u043f\u043e\u043b\u044c\u0437\u043e\u0432\u0430\u043d\u0438\u044f: \t\n\u0418\u043d\u0442\u0435\u043d\u0441\u0438\u0432\u043d\u043e\u0435<\/li>\n<li>\u0421\u0442\u0435\u043f\u0435\u043d\u044c \u0437\u0430\u0449\u0438\u0442\u044b: IP44<\/li>\n<li>\u0422\u0435\u043c\u043f\u0435\u0440\u0430\u0442\u0443\u0440\u043d\u044b\u0439 \u0434\u0438\u0430\u043f\u0430\u0437\u043e\u043d: -20 \u00f7 55 \u00b0C<\/li>\n<li>\u0420\u0430\u0437\u043c\u0435\u0440\u044b: 255 \u0445 287 \u0445 164\u043c\u043c.<\/li>\n<li>\u0412\u0435\u0441 \u0443\u0441\u0442\u0440\u043e\u0439\u0441\u0442\u0432\u0430: 8,1 \u043a\u0433<\/li>\n<li>\u0421\u0442\u0440\u0430\u043d\u0430-\u043f\u0440\u043e\u0438\u0437\u0432\u043e\u0434\u0438\u0442\u0435\u043b\u044c: \u0418\u0442\u0430\u043b\u0438\u044f<\/li>\n<\/ul>\n<p>&nbsp;<\/p>\n<p>\u0414\u043b\u044f \u043a\u0430\u0436\u0434\u044b\u0445 \u0430\u0432\u0442\u043e\u043c\u0430\u0442\u0438\u0447\u0435\u0441\u043a\u0438\u0445 \u043e\u0442\u043a\u0430\u0442\u043d\u044b\u0445 \u0432\u043e\u0440\u043e\u0442 \u043d\u0435\u043e\u0431\u0445\u043e\u0434\u0438\u043c\u0430 \u043a \u0437\u0430\u043a\u0430\u0437\u0443 <a href=\"https:\/\/www.dnimoepood.ee\/ru\/epood\/hammaslatt-liugvaravale-kuni-600kg\/\">\u0417\u0443\u0431\u0447\u0430\u0442\u0430\u044f \u0440\u0435\u0439\u043a\u0430<\/a>, \u0440\u0430\u0441\u0447\u0451\u0442 + 1 \u043c\u0435\u0442\u0440 \u043a \u0434\u043b\u0438\u043d\u0435 \u0432\u043e\u0440\u043e\u0442<\/p>\n<p><a href=\"https:\/\/www.dnimoepood.ee\/wp-content\/uploads\/2023\/01\/bft_deimos_ultra_bt_a400_a600_ru_instrukcija_po_ustanovke-1.pdf\">BFT DEIMOS ULTRA BT A600 \u0438\u043d\u0441\u0442\u0440\u0443\u043a\u0446\u0438\u044f \u043f\u043e \u0443\u0441\u0442\u0430\u043d\u043e\u0432\u043a\u0435 (RU)<\/a><\/p>\n<p><a href=\"https:\/\/www.dnimoepood.ee\/wp-content\/uploads\/2023\/01\/bft_deimos_ultra_bt_a400_a600_en_assembling_manual-1.pdf\">BFT DEIMOS ULTRA BT A600 \u0438\u043d\u0441\u0442\u0440\u0443\u043a\u0446\u0438\u044f \u043f\u043e \u0443\u0441\u0442\u0430\u043d\u043e\u0432\u043a\u0435 (ENG)<\/a><\/p>\n<p><a href=\"https:\/\/www.dnimoepood.ee\/wp-content\/uploads\/2023\/01\/Vilkuri-LED-paigaldus-juhend-RU-ENG.pdf\">\u0418\u043d\u0441\u0442\u0440\u0443\u043a\u0446\u0438\u044f \u043f\u043e \u0443\u0441\u0442\u0430\u043d\u043e\u0432\u043a\u0435 LED \u0441\u0438\u0433\u043d\u0430\u043b\u044c\u043d\u043e\u0439 \u043b\u0430\u043c\u043f\u044b<\/a><\/p>\n<p><a href=\"https:\/\/www.dnimoepood.ee\/wp-content\/uploads\/2023\/01\/Fotosilmade-paigaldusjuhend-RU-ENG.pdf\">\u0418\u043d\u0441\u0442\u0440\u0443\u043a\u0446\u0438\u044f \u043f\u043e \u0443\u0441\u0442\u0430\u043d\u043e\u0432\u043a\u0438 \u0444\u043e\u0442\u043e\u044d\u043b\u0435\u043c\u0435\u043d\u0442\u043e\u0432<\/a><\/p>","protected":false},"excerpt":{"rendered":"<p>\u0426\u0435\u043d\u0430 \u0441\u043e\u0434\u0435\u0440\u0436\u0438\u0442 \u041d\u0414\u0421<\/p>","protected":false},"featured_media":2574,"template":"","meta":{"ngg_post_thumbnail":0,"ocean_post_layout":"","ocean_both_sidebars_style":"","ocean_both_sidebars_content_width":0,"ocean_both_sidebars_sidebars_width":0,"ocean_sidebar":"0","ocean_second_sidebar":"0","ocean_disable_margins":"enable","ocean_add_body_class":"","ocean_shortcode_before_top_bar":"","ocean_shortcode_after_top_bar":"","ocean_shortcode_before_header":"","ocean_shortcode_after_header":"","ocean_has_shortcode":"","ocean_shortcode_after_title":"","ocean_shortcode_before_footer_widgets":"","ocean_shortcode_after_footer_widgets":"","ocean_shortcode_before_footer_bottom":"","ocean_shortcode_after_footer_bottom":"","ocean_display_top_bar":"default","ocean_display_header":"default","ocean_header_style":"","ocean_center_header_left_menu":"0","ocean_custom_header_template":"0","ocean_custom_logo":0,"ocean_custom_retina_logo":0,"ocean_custom_logo_max_width":0,"ocean_custom_logo_tablet_max_width":0,"ocean_custom_logo_mobile_max_width":0,"ocean_custom_logo_max_height":0,"ocean_custom_logo_tablet_max_height":0,"ocean_custom_logo_mobile_max_height":0,"ocean_header_custom_menu":"0","ocean_menu_typo_font_family":"0","ocean_menu_typo_font_subset":"","ocean_menu_typo_font_size":0,"ocean_menu_typo_font_size_tablet":0,"ocean_menu_typo_font_size_mobile":0,"ocean_menu_typo_font_size_unit":"px","ocean_menu_typo_font_weight":"","ocean_menu_typo_font_weight_tablet":"","ocean_menu_typo_font_weight_mobile":"","ocean_menu_typo_transform":"","ocean_menu_typo_transform_tablet":"","ocean_menu_typo_transform_mobile":"","ocean_menu_typo_line_height":0,"ocean_menu_typo_line_height_tablet":0,"ocean_menu_typo_line_height_mobile":0,"ocean_menu_typo_line_height_unit":"","ocean_menu_typo_spacing":0,"ocean_menu_typo_spacing_tablet":0,"ocean_menu_typo_spacing_mobile":0,"ocean_menu_typo_spacing_unit":"","ocean_menu_link_color":"","ocean_menu_link_color_hover":"","ocean_menu_link_color_active":"","ocean_menu_link_background":"","ocean_menu_link_hover_background":"","ocean_menu_link_active_background":"","ocean_menu_social_links_bg":"","ocean_menu_social_hover_links_bg":"","ocean_menu_social_links_color":"","ocean_menu_social_hover_links_color":"","ocean_disable_title":"default","ocean_disable_heading":"default","ocean_post_title":"","ocean_post_subheading":"","ocean_post_title_style":"","ocean_post_title_background_color":"","ocean_post_title_background":0,"ocean_post_title_bg_image_position":"","ocean_post_title_bg_image_attachment":"","ocean_post_title_bg_image_repeat":"","ocean_post_title_bg_image_size":"","ocean_post_title_height":400,"ocean_post_title_bg_overlay":0.5,"ocean_post_title_bg_overlay_color":"","ocean_disable_breadcrumbs":"default","ocean_breadcrumbs_color":"","ocean_breadcrumbs_separator_color":"","ocean_breadcrumbs_links_color":"","ocean_breadcrumbs_links_hover_color":"","ocean_display_footer_widgets":"default","ocean_display_footer_bottom":"default","ocean_custom_footer_template":"0","omw_enable_modal_window":"enable"},"product_brand":[],"product_cat":[84],"product_tag":[86,78],"class_list":{"0":"post-2572","1":"product","2":"type-product","3":"status-publish","4":"has-post-thumbnail","6":"product_cat-varavaautomaatika","7":"product_tag-varavaautomaatika","8":"product_tag-varavad","10":"entry","11":"has-media","13":"first","14":"instock","15":"sale","16":"virtual","17":"taxable","18":"purchasable","19":"product-type-simple","20":"has-product-nav","21":"col","22":"span_1_of_4","23":"owp-content-center","24":"owp-thumbs-layout-horizontal","25":"owp-btn-normal","26":"owp-tabs-layout-horizontal"},"yoast_head":"<!-- This site is optimized with the Yoast SEO plugin v27.5 - https:\/\/yoast.com\/product\/yoast-seo-wordpress\/ -->\n<title>BFT DEIMOS v\u00e4ravaautomaatika - osta e-poes parima hinnaga!<\/title>\n<meta name=\"description\" content=\"BFT DEIMOS v\u00e4ravaautomaatika liugv\u00e4ravale - kohe olemas - Ladu asub Maardus, Vana-Narva mnt 30 - Vaata lisa www.termofassaad.ee\" \/>\n<meta name=\"robots\" content=\"index, follow, max-snippet:-1, max-image-preview:large, max-video-preview:-1\" \/>\n<link rel=\"canonical\" href=\"https:\/\/www.dnimoepood.ee\/ru\/epood\/bft-deimos-ultra-bt-a600\/\" \/>\n<meta property=\"og:locale\" content=\"ru_RU\" \/>\n<meta property=\"og:type\" content=\"article\" \/>\n<meta property=\"og:title\" content=\"BFT DEIMOS v\u00e4ravaautomaatika - osta e-poes parima hinnaga!\" \/>\n<meta property=\"og:description\" content=\"BFT DEIMOS v\u00e4ravaautomaatika liugv\u00e4ravale - kohe olemas - Ladu asub Maardus, Vana-Narva mnt 30 - Vaata lisa www.termofassaad.ee\" \/>\n<meta property=\"og:url\" content=\"https:\/\/www.dnimoepood.ee\/ru\/epood\/bft-deimos-ultra-bt-a600\/\" \/>\n<meta property=\"og:site_name\" content=\"DNIMO O\u00dc\" \/>\n<meta property=\"article:publisher\" content=\"https:\/\/www.facebook.com\/Dnimoepood\" \/>\n<meta property=\"article:modified_time\" content=\"2025-03-24T12:04:04+00:00\" \/>\n<meta property=\"og:image\" content=\"https:\/\/www.dnimoepood.ee\/wp-content\/uploads\/2023\/01\/BFT-DEIMOS-ULTRA-BT-A600-kit-liugvarava-automaatika.jpg\" \/>\n\t<meta property=\"og:image:width\" content=\"500\" \/>\n\t<meta property=\"og:image:height\" content=\"500\" \/>\n\t<meta property=\"og:image:type\" content=\"image\/jpeg\" \/>\n<meta name=\"twitter:card\" content=\"summary_large_image\" \/>\n<meta name=\"twitter:label1\" content=\"\u041f\u0440\u0438\u043c\u0435\u0440\u043d\u043e\u0435 \u0432\u0440\u0435\u043c\u044f \u0434\u043b\u044f \u0447\u0442\u0435\u043d\u0438\u044f\" \/>\n\t<meta name=\"twitter:data1\" content=\"1 \u043c\u0438\u043d\u0443\u0442\u0430\" \/>\n<script type=\"application\/ld+json\" class=\"yoast-schema-graph\">{\"@context\":\"https:\\\/\\\/schema.org\",\"@graph\":[{\"@type\":\"WebPage\",\"@id\":\"https:\\\/\\\/www.dnimoepood.ee\\\/epood\\\/bft-deimos-ultra-bt-a600\\\/\",\"url\":\"https:\\\/\\\/www.dnimoepood.ee\\\/epood\\\/bft-deimos-ultra-bt-a600\\\/\",\"name\":\"BFT DEIMOS v\u00e4ravaautomaatika - osta e-poes parima hinnaga!\",\"isPartOf\":{\"@id\":\"https:\\\/\\\/www.dnimoepood.ee\\\/#website\"},\"primaryImageOfPage\":{\"@id\":\"https:\\\/\\\/www.dnimoepood.ee\\\/epood\\\/bft-deimos-ultra-bt-a600\\\/#primaryimage\"},\"image\":{\"@id\":\"https:\\\/\\\/www.dnimoepood.ee\\\/epood\\\/bft-deimos-ultra-bt-a600\\\/#primaryimage\"},\"thumbnailUrl\":\"https:\\\/\\\/www.dnimoepood.ee\\\/wp-content\\\/uploads\\\/2023\\\/01\\\/BFT-DEIMOS-ULTRA-BT-A600-kit-liugvarava-automaatika.jpg\",\"datePublished\":\"2023-01-10T14:39:39+00:00\",\"dateModified\":\"2025-03-24T12:04:04+00:00\",\"description\":\"BFT DEIMOS v\u00e4ravaautomaatika liugv\u00e4ravale - kohe olemas - Ladu asub Maardus, Vana-Narva mnt 30 - Vaata lisa www.termofassaad.ee\",\"breadcrumb\":{\"@id\":\"https:\\\/\\\/www.dnimoepood.ee\\\/epood\\\/bft-deimos-ultra-bt-a600\\\/#breadcrumb\"},\"inLanguage\":\"ru-RU\",\"potentialAction\":[{\"@type\":\"ReadAction\",\"target\":[\"https:\\\/\\\/www.dnimoepood.ee\\\/epood\\\/bft-deimos-ultra-bt-a600\\\/\"]}]},{\"@type\":\"ImageObject\",\"inLanguage\":\"ru-RU\",\"@id\":\"https:\\\/\\\/www.dnimoepood.ee\\\/epood\\\/bft-deimos-ultra-bt-a600\\\/#primaryimage\",\"url\":\"https:\\\/\\\/www.dnimoepood.ee\\\/wp-content\\\/uploads\\\/2023\\\/01\\\/BFT-DEIMOS-ULTRA-BT-A600-kit-liugvarava-automaatika.jpg\",\"contentUrl\":\"https:\\\/\\\/www.dnimoepood.ee\\\/wp-content\\\/uploads\\\/2023\\\/01\\\/BFT-DEIMOS-ULTRA-BT-A600-kit-liugvarava-automaatika.jpg\",\"width\":500,\"height\":500,\"caption\":\"v\u00e4ravaautomaatika BFT deimos\"},{\"@type\":\"BreadcrumbList\",\"@id\":\"https:\\\/\\\/www.dnimoepood.ee\\\/epood\\\/bft-deimos-ultra-bt-a600\\\/#breadcrumb\",\"itemListElement\":[{\"@type\":\"ListItem\",\"position\":1,\"name\":\"\u0413\u043b\u0430\u0432\u043d\u0430\u044f \u0441\u0442\u0440\u0430\u043d\u0438\u0446\u0430\",\"item\":\"https:\\\/\\\/www.dnimoepood.ee\\\/\"},{\"@type\":\"ListItem\",\"position\":2,\"name\":\"Tooted\",\"item\":\"https:\\\/\\\/www.dnimoepood.ee\\\/e-pood\\\/\"},{\"@type\":\"ListItem\",\"position\":3,\"name\":\"BFT DEIMOS ULTRA BT A600 liugv\u00e4ravale\"}]},{\"@type\":\"WebSite\",\"@id\":\"https:\\\/\\\/www.dnimoepood.ee\\\/#website\",\"url\":\"https:\\\/\\\/www.dnimoepood.ee\\\/\",\"name\":\"DNIMOEPOOD.EE\",\"description\":\"Teie kindel partner ehituses\",\"publisher\":{\"@id\":\"https:\\\/\\\/www.dnimoepood.ee\\\/#organization\"},\"alternateName\":\"TERMOFASSAAD.EE\",\"potentialAction\":[{\"@type\":\"SearchAction\",\"target\":{\"@type\":\"EntryPoint\",\"urlTemplate\":\"https:\\\/\\\/www.dnimoepood.ee\\\/?s={search_term_string}\"},\"query-input\":{\"@type\":\"PropertyValueSpecification\",\"valueRequired\":true,\"valueName\":\"search_term_string\"}}],\"inLanguage\":\"ru-RU\"},{\"@type\":\"Organization\",\"@id\":\"https:\\\/\\\/www.dnimoepood.ee\\\/#organization\",\"name\":\"Dnimo O\u00dc\",\"url\":\"https:\\\/\\\/www.dnimoepood.ee\\\/\",\"logo\":{\"@type\":\"ImageObject\",\"inLanguage\":\"ru-RU\",\"@id\":\"https:\\\/\\\/www.dnimoepood.ee\\\/#\\\/schema\\\/logo\\\/image\\\/\",\"url\":\"https:\\\/\\\/www.dnimoepood.ee\\\/wp-content\\\/uploads\\\/2020\\\/10\\\/LOGO.png\",\"contentUrl\":\"https:\\\/\\\/www.dnimoepood.ee\\\/wp-content\\\/uploads\\\/2020\\\/10\\\/LOGO.png\",\"width\":909,\"height\":394,\"caption\":\"Dnimo O\u00dc\"},\"image\":{\"@id\":\"https:\\\/\\\/www.dnimoepood.ee\\\/#\\\/schema\\\/logo\\\/image\\\/\"},\"sameAs\":[\"https:\\\/\\\/www.facebook.com\\\/Dnimoepood\"]}]}<\/script>\n<!-- \/ Yoast SEO plugin. -->","yoast_head_json":{"title":"BFT DEIMOS v\u00e4ravaautomaatika - osta e-poes parima hinnaga!","description":"BFT DEIMOS v\u00e4ravaautomaatika liugv\u00e4ravale - kohe olemas - Ladu asub Maardus, Vana-Narva mnt 30 - Vaata lisa www.termofassaad.ee","robots":{"index":"index","follow":"follow","max-snippet":"max-snippet:-1","max-image-preview":"max-image-preview:large","max-video-preview":"max-video-preview:-1"},"canonical":"https:\/\/www.dnimoepood.ee\/ru\/epood\/bft-deimos-ultra-bt-a600\/","og_locale":"ru_RU","og_type":"article","og_title":"BFT DEIMOS v\u00e4ravaautomaatika - osta e-poes parima hinnaga!","og_description":"BFT DEIMOS v\u00e4ravaautomaatika liugv\u00e4ravale - kohe olemas - Ladu asub Maardus, Vana-Narva mnt 30 - Vaata lisa www.termofassaad.ee","og_url":"https:\/\/www.dnimoepood.ee\/ru\/epood\/bft-deimos-ultra-bt-a600\/","og_site_name":"DNIMO O\u00dc","article_publisher":"https:\/\/www.facebook.com\/Dnimoepood","article_modified_time":"2025-03-24T12:04:04+00:00","og_image":[{"width":500,"height":500,"url":"https:\/\/www.dnimoepood.ee\/wp-content\/uploads\/2023\/01\/BFT-DEIMOS-ULTRA-BT-A600-kit-liugvarava-automaatika.jpg","type":"image\/jpeg"}],"twitter_card":"summary_large_image","twitter_misc":{"\u041f\u0440\u0438\u043c\u0435\u0440\u043d\u043e\u0435 \u0432\u0440\u0435\u043c\u044f \u0434\u043b\u044f \u0447\u0442\u0435\u043d\u0438\u044f":"1 \u043c\u0438\u043d\u0443\u0442\u0430"},"schema":{"@context":"https:\/\/schema.org","@graph":[{"@type":"WebPage","@id":"https:\/\/www.dnimoepood.ee\/epood\/bft-deimos-ultra-bt-a600\/","url":"https:\/\/www.dnimoepood.ee\/epood\/bft-deimos-ultra-bt-a600\/","name":"BFT DEIMOS v\u00e4ravaautomaatika - osta e-poes parima hinnaga!","isPartOf":{"@id":"https:\/\/www.dnimoepood.ee\/#website"},"primaryImageOfPage":{"@id":"https:\/\/www.dnimoepood.ee\/epood\/bft-deimos-ultra-bt-a600\/#primaryimage"},"image":{"@id":"https:\/\/www.dnimoepood.ee\/epood\/bft-deimos-ultra-bt-a600\/#primaryimage"},"thumbnailUrl":"https:\/\/www.dnimoepood.ee\/wp-content\/uploads\/2023\/01\/BFT-DEIMOS-ULTRA-BT-A600-kit-liugvarava-automaatika.jpg","datePublished":"2023-01-10T14:39:39+00:00","dateModified":"2025-03-24T12:04:04+00:00","description":"BFT DEIMOS v\u00e4ravaautomaatika liugv\u00e4ravale - kohe olemas - Ladu asub Maardus, Vana-Narva mnt 30 - Vaata lisa www.termofassaad.ee","breadcrumb":{"@id":"https:\/\/www.dnimoepood.ee\/epood\/bft-deimos-ultra-bt-a600\/#breadcrumb"},"inLanguage":"ru-RU","potentialAction":[{"@type":"ReadAction","target":["https:\/\/www.dnimoepood.ee\/epood\/bft-deimos-ultra-bt-a600\/"]}]},{"@type":"ImageObject","inLanguage":"ru-RU","@id":"https:\/\/www.dnimoepood.ee\/epood\/bft-deimos-ultra-bt-a600\/#primaryimage","url":"https:\/\/www.dnimoepood.ee\/wp-content\/uploads\/2023\/01\/BFT-DEIMOS-ULTRA-BT-A600-kit-liugvarava-automaatika.jpg","contentUrl":"https:\/\/www.dnimoepood.ee\/wp-content\/uploads\/2023\/01\/BFT-DEIMOS-ULTRA-BT-A600-kit-liugvarava-automaatika.jpg","width":500,"height":500,"caption":"v\u00e4ravaautomaatika BFT deimos"},{"@type":"BreadcrumbList","@id":"https:\/\/www.dnimoepood.ee\/epood\/bft-deimos-ultra-bt-a600\/#breadcrumb","itemListElement":[{"@type":"ListItem","position":1,"name":"\u0413\u043b\u0430\u0432\u043d\u0430\u044f \u0441\u0442\u0440\u0430\u043d\u0438\u0446\u0430","item":"https:\/\/www.dnimoepood.ee\/"},{"@type":"ListItem","position":2,"name":"Tooted","item":"https:\/\/www.dnimoepood.ee\/e-pood\/"},{"@type":"ListItem","position":3,"name":"BFT DEIMOS ULTRA BT A600 liugv\u00e4ravale"}]},{"@type":"WebSite","@id":"https:\/\/www.dnimoepood.ee\/#website","url":"https:\/\/www.dnimoepood.ee\/","name":"DNIMOEPOOD.EE","description":"Teie kindel partner ehituses","publisher":{"@id":"https:\/\/www.dnimoepood.ee\/#organization"},"alternateName":"TERMOFASSAAD.EE","potentialAction":[{"@type":"SearchAction","target":{"@type":"EntryPoint","urlTemplate":"https:\/\/www.dnimoepood.ee\/?s={search_term_string}"},"query-input":{"@type":"PropertyValueSpecification","valueRequired":true,"valueName":"search_term_string"}}],"inLanguage":"ru-RU"},{"@type":"Organization","@id":"https:\/\/www.dnimoepood.ee\/#organization","name":"Dnimo O\u00dc","url":"https:\/\/www.dnimoepood.ee\/","logo":{"@type":"ImageObject","inLanguage":"ru-RU","@id":"https:\/\/www.dnimoepood.ee\/#\/schema\/logo\/image\/","url":"https:\/\/www.dnimoepood.ee\/wp-content\/uploads\/2020\/10\/LOGO.png","contentUrl":"https:\/\/www.dnimoepood.ee\/wp-content\/uploads\/2020\/10\/LOGO.png","width":909,"height":394,"caption":"Dnimo O\u00dc"},"image":{"@id":"https:\/\/www.dnimoepood.ee\/#\/schema\/logo\/image\/"},"sameAs":["https:\/\/www.facebook.com\/Dnimoepood"]}]}},"jetpack_sharing_enabled":true,"_links":{"self":[{"href":"https:\/\/www.dnimoepood.ee\/ru\/wp-json\/wp\/v2\/product\/2572","targetHints":{"allow":["GET"]}}],"collection":[{"href":"https:\/\/www.dnimoepood.ee\/ru\/wp-json\/wp\/v2\/product"}],"about":[{"href":"https:\/\/www.dnimoepood.ee\/ru\/wp-json\/wp\/v2\/types\/product"}],"wp:featuredmedia":[{"embeddable":true,"href":"https:\/\/www.dnimoepood.ee\/ru\/wp-json\/wp\/v2\/media\/2574"}],"wp:attachment":[{"href":"https:\/\/www.dnimoepood.ee\/ru\/wp-json\/wp\/v2\/media?parent=2572"}],"wp:term":[{"taxonomy":"product_brand","embeddable":true,"href":"https:\/\/www.dnimoepood.ee\/ru\/wp-json\/wp\/v2\/product_brand?post=2572"},{"taxonomy":"product_cat","embeddable":true,"href":"https:\/\/www.dnimoepood.ee\/ru\/wp-json\/wp\/v2\/product_cat?post=2572"},{"taxonomy":"product_tag","embeddable":true,"href":"https:\/\/www.dnimoepood.ee\/ru\/wp-json\/wp\/v2\/product_tag?post=2572"}],"curies":[{"name":"wp","href":"https:\/\/api.w.org\/{rel}","templated":true}]}}