{"id":3897,"date":"2024-06-03T13:00:53","date_gmt":"2024-06-03T11:00:53","guid":{"rendered":"https:\/\/www.dnimoepood.ee\/?post_type=product&#038;p=3897"},"modified":"2025-06-27T14:05:33","modified_gmt":"2025-06-27T12:05:33","slug":"aiavork-75x100mm-2-1mm","status":"publish","type":"product","link":"https:\/\/www.dnimoepood.ee\/ru\/epood\/aiavork-75x100mm-2-1mm\/","title":{"rendered":"\u0417\u0430\u0431\u043e\u0440\u043d\u0430\u044f \u0441\u0435\u0442\u043a\u0430 75x100\u043c\u043c \u00d82,1\u043c\u043c 25\u043c RAL6005"},"content":{"rendered":"<p>\u0417\u0430\u0431\u043e\u0440\u043d\u0430\u044f \u0441\u0435\u0442\u043a\u0430 75\u0445100\u043c\u043c \u0432 \u0440\u0443\u043b\u043e\u043d\u0435 25\u043c \u043f\u0440\u0435\u0434\u0441\u0442\u0430\u0432\u043b\u044f\u0435\u0442 \u0441\u043e\u0431\u043e\u0439 \u0441\u0432\u0430\u0440\u043d\u0443\u044e \u0441\u0435\u0442\u043a\u0443 \u0441 \u043f\u043e\u043a\u0440\u044b\u0442\u0438\u0435\u043c \u041f\u0412\u0425.<\/p>\n<p>\u0421\u0432\u0430\u0440\u043e\u0447\u043d\u0430\u044f \u0441\u0435\u0442\u043a\u0430 \u0438\u0437\u0433\u043e\u0442\u0430\u0432\u043b\u0438\u0432\u0430\u0435\u0442\u0441\u044f \u0438\u0437 \u0446\u0438\u043d\u043a\u043e\u0432\u043e\u0439 \u043f\u0440\u043e\u0432\u043e\u043b\u043e\u043a\u0438, \u0430 \u0437\u0430\u0442\u0435\u043c \u043f\u043e\u043a\u0440\u044b\u0432\u0430\u0435\u0442\u0441\u044f \u041f\u0412\u0425-\u043f\u043e\u043a\u0440\u044b\u0442\u0438\u0435\u043c.<\/p>\n<p>\u0420\u0430\u0437\u043c\u0435\u0440 \u044f\u0447\u0435\u0439\u043a\u0438: 75x100\u043c\u043c<\/p>\n<p>\u0414\u0438\u0430\u043c\u0435\u0442\u0440 \u043f\u0440\u043e\u0432\u043e\u043b\u043e\u043a\u0438 + \u041f\u0412\u0425: 2,1\u043c\u043c<\/p>\n<p>\u0426\u0432\u0435\u0442: RAL6005(\u0437\u0435\u043b\u0451\u043d\u044b\u0439)<\/p>\n<p>\u041f\u043e\u043a\u0440\u044b\u0442\u0438\u0435: \u043e\u0446\u0438\u043d\u043a\u043e\u0432\u0430\u043d\u044b, \u043f\u043e\u043a\u0440\u0430\u0448\u0435\u043d\u044b<\/p>\n<p>\u041c\u0430\u0442\u0435\u0440\u0438\u0430\u043b: \u043c\u0435\u0442\u0430\u043b\u043b<\/p>\n<p><strong><a href=\"https:\/\/www.dnimoepood.ee\/wp-content\/uploads\/2024\/04\/keevisvorgude-paigaldusjuhend.pdf\">\u0418\u043d\u0441\u0442\u0440\u0443\u043a\u0446\u0438\u044f \u043f\u043e \u0443\u0441\u0442\u0430\u043d\u043e\u0432\u043a\u0435 \u0437\u0430\u0431\u043e\u0440\u043d\u043e\u0439 \u0441\u0435\u0442\u043a\u0438<\/a><\/strong><\/p>\n<p><strong>\u041f\u043e\u043c\u0438\u043c\u043e \u043f\u0440\u043e\u0434\u0430\u0436\u0438 \u043c\u044b \u0442\u0430\u043a\u0436\u0435 \u043f\u0440\u0435\u0434\u043b\u0430\u0433\u0430\u0435\u043c \u0443\u0441\u043b\u0443\u0433\u0438 \u043f\u043e \u0443\u0441\u0442\u0430\u043d\u043e\u0432\u043a\u0435 \u0438 \u0442\u0440\u0430\u043d\u0441\u043f\u043e\u0440\u0442\u0438\u0440\u043e\u0432\u043a\u0435. \u0412\u044b \u043c\u043e\u0436\u0435\u0442\u0435 \u043e\u0437\u043d\u0430\u043a\u043e\u043c\u0438\u0442\u044c\u0441\u044f \u0441 \u0432\u044b\u043f\u043e\u043b\u043d\u0435\u043d\u043d\u044b\u043c\u0438 \u0440\u0430\u0431\u043e\u0442\u0430\u043c\u0438 <a href=\"https:\/\/www.termofassaad.ee\/et\/meie-tood-3d-aiapaneelid\/\" target=\"_blank\" rel=\"noopener\">\u0417\u0414\u0415\u0421\u042c<\/a><\/strong><\/p>\n<p class=\"wp-block-heading\"><strong>\u0427\u0442\u043e\u0431\u044b \u043f\u043e\u043b\u0443\u0447\u0438\u0442\u044c \u0446\u0435\u043d\u043e\u0432\u043e\u0435 \u043f\u0440\u0435\u0434\u043b\u043e\u0436\u0435\u043d\u0438\u0435, \u043f\u043e\u0436\u0430\u043b\u0443\u0439\u0441\u0442\u0430, \u0441\u0432\u044f\u0436\u0438\u0442\u0435\u0441\u044c \u0441 \u043d\u0430\u043c\u0438:<\/strong><\/p>\n\n<div class=\"wpcf7 no-js\" id=\"wpcf7-f253-o1\" lang=\"ru-RU\" dir=\"ltr\" data-wpcf7-id=\"253\">\n<div class=\"screen-reader-response\"><p role=\"status\" aria-live=\"polite\" aria-atomic=\"true\"><\/p> <ul><\/ul><\/div>\n<form action=\"\/ru\/wp-json\/wp\/v2\/product\/3897#wpcf7-f253-o1\" method=\"post\" class=\"wpcf7-form init\" aria-label=\"\u041a\u043e\u043d\u0442\u0430\u043a\u0442\u043d\u0430\u044f \u0444\u043e\u0440\u043c\u0430\" novalidate=\"novalidate\" data-status=\"init\" data-trp-original-action=\"\/ru\/wp-json\/wp\/v2\/product\/3897#wpcf7-f253-o1\">\n<fieldset class=\"hidden-fields-container\"><input type=\"hidden\" name=\"_wpcf7\" value=\"253\" \/><input type=\"hidden\" name=\"_wpcf7_version\" value=\"6.1.5\" \/><input type=\"hidden\" name=\"_wpcf7_locale\" value=\"ru_RU\" \/><input type=\"hidden\" name=\"_wpcf7_unit_tag\" value=\"wpcf7-f253-o1\" \/><input type=\"hidden\" name=\"_wpcf7_container_post\" value=\"0\" \/><input type=\"hidden\" name=\"_wpcf7_posted_data_hash\" value=\"\" \/>\n<\/fieldset>\n<p><label> \u0412\u0430\u0448\u0435 \u0418\u043c\u044f (\u043e\u0431\u044f\u0437\u0430\u0442\u0435\u043b\u044c\u043d\u043e)<br \/>\n<span class=\"wpcf7-form-control-wrap\" data-name=\"your-name\"><input size=\"40\" maxlength=\"400\" class=\"wpcf7-form-control wpcf7-text wpcf7-validates-as-required\" aria-required=\"true\" aria-invalid=\"false\" value=\"\" type=\"text\" name=\"your-name\" \/><\/span> <\/label>\n<\/p>\n<p><label> \u0412\u0430\u0448 \u044d\u043b\u0435\u043a\u0442\u0440\u043e\u043d\u043d\u044b\u0439 \u0430\u0434\u0440\u0435\u0441 (\u043e\u0431\u044f\u0437\u0430\u0442\u0435\u043b\u044c\u043d\u043e)<br \/>\n<span class=\"wpcf7-form-control-wrap\" data-name=\"your-email\"><input size=\"40\" maxlength=\"400\" class=\"wpcf7-form-control wpcf7-email wpcf7-validates-as-required wpcf7-text wpcf7-validates-as-email\" aria-required=\"true\" aria-invalid=\"false\" value=\"\" type=\"email\" name=\"your-email\" \/><\/span> <\/label>\n<\/p>\n<p><label> \u0422\u0435\u043c\u0430<br \/>\n<span class=\"wpcf7-form-control-wrap\" data-name=\"your-subject\"><input size=\"40\" maxlength=\"400\" class=\"wpcf7-form-control wpcf7-text\" aria-invalid=\"false\" value=\"\" type=\"text\" name=\"your-subject\" \/><\/span> <\/label>\n<\/p>\n<p><label> \u0421\u043e\u043e\u0431\u0449\u0435\u043d\u0438\u0435<br \/>\n<span class=\"wpcf7-form-control-wrap\" data-name=\"your-message\"><textarea cols=\"40\" rows=\"10\" maxlength=\"2000\" class=\"wpcf7-form-control wpcf7-textarea\" aria-invalid=\"false\" name=\"your-message\"><\/textarea><\/span> <\/label>\n<\/p>\n<p><input class=\"wpcf7-form-control wpcf7-submit has-spinner\" type=\"submit\" value=\"\u041e\u0442\u043f\u0440\u0430\u0432\u0438\u0442\u044c\" \/>\n<\/p><p style=\"display: none !important;\" class=\"akismet-fields-container\" data-prefix=\"_wpcf7_ak_\"><label>&#916;<textarea name=\"_wpcf7_ak_hp_textarea\" cols=\"45\" rows=\"8\" maxlength=\"100\"><\/textarea><\/label><input type=\"hidden\" id=\"ak_js_1\" name=\"_wpcf7_ak_js\" value=\"145\"\/><script>\ndocument.getElementById( \"ak_js_1\" ).setAttribute( \"value\", ( new Date() ).getTime() );\n<\/script>\n<\/p><div class=\"wpcf7-response-output\" aria-hidden=\"true\"><\/div>\n<input type=\"hidden\" name=\"trp-form-language\" value=\"ru\"\/><\/form>\n<\/div>","protected":false},"excerpt":{"rendered":"<p>\u0426\u0435\u043d\u0430 \u0441\u043e\u0434\u0435\u0440\u0436\u0438\u0442 \u041d\u0414\u0421<\/p>\n<p>\u0421\u0440\u043e\u043a \u0434\u043e\u0441\u0442\u0430\u0432\u043a\u0438 2-7 \u0434\u043d\u0435\u0439!<\/p>","protected":false},"featured_media":3907,"template":"","meta":{"ngg_post_thumbnail":0,"ocean_post_layout":"","ocean_both_sidebars_style":"","ocean_both_sidebars_content_width":0,"ocean_both_sidebars_sidebars_width":0,"ocean_sidebar":"0","ocean_second_sidebar":"0","ocean_disable_margins":"enable","ocean_add_body_class":"","ocean_shortcode_before_top_bar":"","ocean_shortcode_after_top_bar":"","ocean_shortcode_before_header":"","ocean_shortcode_after_header":"","ocean_has_shortcode":"","ocean_shortcode_after_title":"","ocean_shortcode_before_footer_widgets":"","ocean_shortcode_after_footer_widgets":"","ocean_shortcode_before_footer_bottom":"","ocean_shortcode_after_footer_bottom":"","ocean_display_top_bar":"default","ocean_display_header":"default","ocean_header_style":"","ocean_center_header_left_menu":"0","ocean_custom_header_template":"0","ocean_custom_logo":0,"ocean_custom_retina_logo":0,"ocean_custom_logo_max_width":0,"ocean_custom_logo_tablet_max_width":0,"ocean_custom_logo_mobile_max_width":0,"ocean_custom_logo_max_height":0,"ocean_custom_logo_tablet_max_height":0,"ocean_custom_logo_mobile_max_height":0,"ocean_header_custom_menu":"0","ocean_menu_typo_font_family":"0","ocean_menu_typo_font_subset":"","ocean_menu_typo_font_size":0,"ocean_menu_typo_font_size_tablet":0,"ocean_menu_typo_font_size_mobile":0,"ocean_menu_typo_font_size_unit":"px","ocean_menu_typo_font_weight":"","ocean_menu_typo_font_weight_tablet":"","ocean_menu_typo_font_weight_mobile":"","ocean_menu_typo_transform":"","ocean_menu_typo_transform_tablet":"","ocean_menu_typo_transform_mobile":"","ocean_menu_typo_line_height":0,"ocean_menu_typo_line_height_tablet":0,"ocean_menu_typo_line_height_mobile":0,"ocean_menu_typo_line_height_unit":"","ocean_menu_typo_spacing":0,"ocean_menu_typo_spacing_tablet":0,"ocean_menu_typo_spacing_mobile":0,"ocean_menu_typo_spacing_unit":"","ocean_menu_link_color":"","ocean_menu_link_color_hover":"","ocean_menu_link_color_active":"","ocean_menu_link_background":"","ocean_menu_link_hover_background":"","ocean_menu_link_active_background":"","ocean_menu_social_links_bg":"","ocean_menu_social_hover_links_bg":"","ocean_menu_social_links_color":"","ocean_menu_social_hover_links_color":"","ocean_disable_title":"default","ocean_disable_heading":"default","ocean_post_title":"","ocean_post_subheading":"","ocean_post_title_style":"","ocean_post_title_background_color":"","ocean_post_title_background":0,"ocean_post_title_bg_image_position":"","ocean_post_title_bg_image_attachment":"","ocean_post_title_bg_image_repeat":"","ocean_post_title_bg_image_size":"","ocean_post_title_height":0,"ocean_post_title_bg_overlay":0.5,"ocean_post_title_bg_overlay_color":"","ocean_disable_breadcrumbs":"default","ocean_breadcrumbs_color":"","ocean_breadcrumbs_separator_color":"","ocean_breadcrumbs_links_color":"","ocean_breadcrumbs_links_hover_color":"","ocean_display_footer_widgets":"default","ocean_display_footer_bottom":"default","ocean_custom_footer_template":"0","omw_enable_modal_window":"enable"},"product_brand":[],"product_cat":[97],"product_tag":[99],"class_list":{"0":"post-3897","1":"product","2":"type-product","3":"status-publish","4":"has-post-thumbnail","6":"product_cat-aiavorgud","7":"product_tag-aiavorgud","8":"product_shipping_class-suuremahuline-toode","10":"entry","11":"has-media","13":"first","14":"onbackorder","15":"taxable","16":"shipping-taxable","17":"purchasable","18":"product-type-variable","19":"has-product-nav","20":"col","21":"span_1_of_4","22":"owp-content-center","23":"owp-thumbs-layout-horizontal","24":"owp-btn-normal","25":"owp-tabs-layout-horizontal"},"yoast_head":"<!-- This site is optimized with the Yoast SEO plugin v27.5 - https:\/\/yoast.com\/product\/yoast-seo-wordpress\/ -->\n<title>Aiav\u00f5rk 75x100mm - osta mugavalt e-poest!<\/title>\n<meta name=\"description\" content=\"Aiav\u00f5rk 75x100mm, aiapaneelid, aiapostid, v\u00e4ravad. Materjalid laos kohe olemas. Ladu asub Maardus, Vana-Narva mnt 30. M\u00fc\u00fcme ja paigaldame, k\u00fcsi pakkumist!\" \/>\n<meta name=\"robots\" content=\"index, follow, max-snippet:-1, max-image-preview:large, max-video-preview:-1\" \/>\n<link rel=\"canonical\" href=\"https:\/\/www.dnimoepood.ee\/ru\/epood\/aiavork-75x100mm-2-1mm\/\" \/>\n<meta property=\"og:locale\" content=\"ru_RU\" \/>\n<meta property=\"og:type\" content=\"article\" \/>\n<meta property=\"og:title\" content=\"Aiav\u00f5rk 75x100mm - osta mugavalt e-poest!\" \/>\n<meta property=\"og:description\" content=\"Aiav\u00f5rk 75x100mm, aiapaneelid, aiapostid, v\u00e4ravad. Materjalid laos kohe olemas. Ladu asub Maardus, Vana-Narva mnt 30. M\u00fc\u00fcme ja paigaldame, k\u00fcsi pakkumist!\" \/>\n<meta property=\"og:url\" content=\"https:\/\/www.dnimoepood.ee\/ru\/epood\/aiavork-75x100mm-2-1mm\/\" \/>\n<meta property=\"og:site_name\" content=\"DNIMO O\u00dc\" \/>\n<meta property=\"article:publisher\" content=\"https:\/\/www.facebook.com\/Dnimoepood\" \/>\n<meta property=\"article:modified_time\" content=\"2025-06-27T12:05:33+00:00\" \/>\n<meta property=\"og:image\" content=\"https:\/\/www.dnimoepood.ee\/wp-content\/uploads\/2024\/06\/aiavork-75x100mm.png\" \/>\n\t<meta property=\"og:image:width\" content=\"400\" \/>\n\t<meta property=\"og:image:height\" content=\"400\" \/>\n\t<meta property=\"og:image:type\" content=\"image\/png\" \/>\n<meta name=\"twitter:card\" content=\"summary_large_image\" \/>\n<meta name=\"twitter:label1\" content=\"\u041f\u0440\u0438\u043c\u0435\u0440\u043d\u043e\u0435 \u0432\u0440\u0435\u043c\u044f \u0434\u043b\u044f \u0447\u0442\u0435\u043d\u0438\u044f\" \/>\n\t<meta name=\"twitter:data1\" content=\"1 \u043c\u0438\u043d\u0443\u0442\u0430\" \/>\n<script type=\"application\/ld+json\" class=\"yoast-schema-graph\">{\"@context\":\"https:\\\/\\\/schema.org\",\"@graph\":[{\"@type\":\"WebPage\",\"@id\":\"https:\\\/\\\/www.dnimoepood.ee\\\/epood\\\/aiavork-75x100mm-2-1mm\\\/\",\"url\":\"https:\\\/\\\/www.dnimoepood.ee\\\/epood\\\/aiavork-75x100mm-2-1mm\\\/\",\"name\":\"Aiav\u00f5rk 75x100mm - osta mugavalt e-poest!\",\"isPartOf\":{\"@id\":\"https:\\\/\\\/www.dnimoepood.ee\\\/#website\"},\"primaryImageOfPage\":{\"@id\":\"https:\\\/\\\/www.dnimoepood.ee\\\/epood\\\/aiavork-75x100mm-2-1mm\\\/#primaryimage\"},\"image\":{\"@id\":\"https:\\\/\\\/www.dnimoepood.ee\\\/epood\\\/aiavork-75x100mm-2-1mm\\\/#primaryimage\"},\"thumbnailUrl\":\"https:\\\/\\\/www.dnimoepood.ee\\\/wp-content\\\/uploads\\\/2024\\\/06\\\/aiavork-75x100mm.png\",\"datePublished\":\"2024-06-03T11:00:53+00:00\",\"dateModified\":\"2025-06-27T12:05:33+00:00\",\"description\":\"Aiav\u00f5rk 75x100mm, aiapaneelid, aiapostid, v\u00e4ravad. Materjalid laos kohe olemas. Ladu asub Maardus, Vana-Narva mnt 30. M\u00fc\u00fcme ja paigaldame, k\u00fcsi pakkumist!\",\"breadcrumb\":{\"@id\":\"https:\\\/\\\/www.dnimoepood.ee\\\/epood\\\/aiavork-75x100mm-2-1mm\\\/#breadcrumb\"},\"inLanguage\":\"ru-RU\",\"potentialAction\":[{\"@type\":\"ReadAction\",\"target\":[\"https:\\\/\\\/www.dnimoepood.ee\\\/epood\\\/aiavork-75x100mm-2-1mm\\\/\"]}]},{\"@type\":\"ImageObject\",\"inLanguage\":\"ru-RU\",\"@id\":\"https:\\\/\\\/www.dnimoepood.ee\\\/epood\\\/aiavork-75x100mm-2-1mm\\\/#primaryimage\",\"url\":\"https:\\\/\\\/www.dnimoepood.ee\\\/wp-content\\\/uploads\\\/2024\\\/06\\\/aiavork-75x100mm.png\",\"contentUrl\":\"https:\\\/\\\/www.dnimoepood.ee\\\/wp-content\\\/uploads\\\/2024\\\/06\\\/aiavork-75x100mm.png\",\"width\":400,\"height\":400,\"caption\":\"AIAV\u00d5RK 75X100MM\"},{\"@type\":\"BreadcrumbList\",\"@id\":\"https:\\\/\\\/www.dnimoepood.ee\\\/epood\\\/aiavork-75x100mm-2-1mm\\\/#breadcrumb\",\"itemListElement\":[{\"@type\":\"ListItem\",\"position\":1,\"name\":\"\u0413\u043b\u0430\u0432\u043d\u0430\u044f \u0441\u0442\u0440\u0430\u043d\u0438\u0446\u0430\",\"item\":\"https:\\\/\\\/www.dnimoepood.ee\\\/\"},{\"@type\":\"ListItem\",\"position\":2,\"name\":\"Tooted\",\"item\":\"https:\\\/\\\/www.dnimoepood.ee\\\/e-pood\\\/\"},{\"@type\":\"ListItem\",\"position\":3,\"name\":\"Aiav\u00f5rk 75x100mm \u00d82,1mm 25m RAL6005\"}]},{\"@type\":\"WebSite\",\"@id\":\"https:\\\/\\\/www.dnimoepood.ee\\\/#website\",\"url\":\"https:\\\/\\\/www.dnimoepood.ee\\\/\",\"name\":\"DNIMOEPOOD.EE\",\"description\":\"Teie kindel partner ehituses\",\"publisher\":{\"@id\":\"https:\\\/\\\/www.dnimoepood.ee\\\/#organization\"},\"alternateName\":\"TERMOFASSAAD.EE\",\"potentialAction\":[{\"@type\":\"SearchAction\",\"target\":{\"@type\":\"EntryPoint\",\"urlTemplate\":\"https:\\\/\\\/www.dnimoepood.ee\\\/?s={search_term_string}\"},\"query-input\":{\"@type\":\"PropertyValueSpecification\",\"valueRequired\":true,\"valueName\":\"search_term_string\"}}],\"inLanguage\":\"ru-RU\"},{\"@type\":\"Organization\",\"@id\":\"https:\\\/\\\/www.dnimoepood.ee\\\/#organization\",\"name\":\"Dnimo O\u00dc\",\"url\":\"https:\\\/\\\/www.dnimoepood.ee\\\/\",\"logo\":{\"@type\":\"ImageObject\",\"inLanguage\":\"ru-RU\",\"@id\":\"https:\\\/\\\/www.dnimoepood.ee\\\/#\\\/schema\\\/logo\\\/image\\\/\",\"url\":\"https:\\\/\\\/www.dnimoepood.ee\\\/wp-content\\\/uploads\\\/2020\\\/10\\\/LOGO.png\",\"contentUrl\":\"https:\\\/\\\/www.dnimoepood.ee\\\/wp-content\\\/uploads\\\/2020\\\/10\\\/LOGO.png\",\"width\":909,\"height\":394,\"caption\":\"Dnimo O\u00dc\"},\"image\":{\"@id\":\"https:\\\/\\\/www.dnimoepood.ee\\\/#\\\/schema\\\/logo\\\/image\\\/\"},\"sameAs\":[\"https:\\\/\\\/www.facebook.com\\\/Dnimoepood\"]}]}<\/script>\n<!-- \/ Yoast SEO plugin. -->","yoast_head_json":{"title":"Aiav\u00f5rk 75x100mm - osta mugavalt e-poest!","description":"Aiav\u00f5rk 75x100mm, aiapaneelid, aiapostid, v\u00e4ravad. Materjalid laos kohe olemas. Ladu asub Maardus, Vana-Narva mnt 30. M\u00fc\u00fcme ja paigaldame, k\u00fcsi pakkumist!","robots":{"index":"index","follow":"follow","max-snippet":"max-snippet:-1","max-image-preview":"max-image-preview:large","max-video-preview":"max-video-preview:-1"},"canonical":"https:\/\/www.dnimoepood.ee\/ru\/epood\/aiavork-75x100mm-2-1mm\/","og_locale":"ru_RU","og_type":"article","og_title":"Aiav\u00f5rk 75x100mm - osta mugavalt e-poest!","og_description":"Aiav\u00f5rk 75x100mm, aiapaneelid, aiapostid, v\u00e4ravad. Materjalid laos kohe olemas. Ladu asub Maardus, Vana-Narva mnt 30. M\u00fc\u00fcme ja paigaldame, k\u00fcsi pakkumist!","og_url":"https:\/\/www.dnimoepood.ee\/ru\/epood\/aiavork-75x100mm-2-1mm\/","og_site_name":"DNIMO O\u00dc","article_publisher":"https:\/\/www.facebook.com\/Dnimoepood","article_modified_time":"2025-06-27T12:05:33+00:00","og_image":[{"width":400,"height":400,"url":"https:\/\/www.dnimoepood.ee\/wp-content\/uploads\/2024\/06\/aiavork-75x100mm.png","type":"image\/png"}],"twitter_card":"summary_large_image","twitter_misc":{"\u041f\u0440\u0438\u043c\u0435\u0440\u043d\u043e\u0435 \u0432\u0440\u0435\u043c\u044f \u0434\u043b\u044f \u0447\u0442\u0435\u043d\u0438\u044f":"1 \u043c\u0438\u043d\u0443\u0442\u0430"},"schema":{"@context":"https:\/\/schema.org","@graph":[{"@type":"WebPage","@id":"https:\/\/www.dnimoepood.ee\/epood\/aiavork-75x100mm-2-1mm\/","url":"https:\/\/www.dnimoepood.ee\/epood\/aiavork-75x100mm-2-1mm\/","name":"Aiav\u00f5rk 75x100mm - osta mugavalt e-poest!","isPartOf":{"@id":"https:\/\/www.dnimoepood.ee\/#website"},"primaryImageOfPage":{"@id":"https:\/\/www.dnimoepood.ee\/epood\/aiavork-75x100mm-2-1mm\/#primaryimage"},"image":{"@id":"https:\/\/www.dnimoepood.ee\/epood\/aiavork-75x100mm-2-1mm\/#primaryimage"},"thumbnailUrl":"https:\/\/www.dnimoepood.ee\/wp-content\/uploads\/2024\/06\/aiavork-75x100mm.png","datePublished":"2024-06-03T11:00:53+00:00","dateModified":"2025-06-27T12:05:33+00:00","description":"Aiav\u00f5rk 75x100mm, aiapaneelid, aiapostid, v\u00e4ravad. Materjalid laos kohe olemas. Ladu asub Maardus, Vana-Narva mnt 30. M\u00fc\u00fcme ja paigaldame, k\u00fcsi pakkumist!","breadcrumb":{"@id":"https:\/\/www.dnimoepood.ee\/epood\/aiavork-75x100mm-2-1mm\/#breadcrumb"},"inLanguage":"ru-RU","potentialAction":[{"@type":"ReadAction","target":["https:\/\/www.dnimoepood.ee\/epood\/aiavork-75x100mm-2-1mm\/"]}]},{"@type":"ImageObject","inLanguage":"ru-RU","@id":"https:\/\/www.dnimoepood.ee\/epood\/aiavork-75x100mm-2-1mm\/#primaryimage","url":"https:\/\/www.dnimoepood.ee\/wp-content\/uploads\/2024\/06\/aiavork-75x100mm.png","contentUrl":"https:\/\/www.dnimoepood.ee\/wp-content\/uploads\/2024\/06\/aiavork-75x100mm.png","width":400,"height":400,"caption":"AIAV\u00d5RK 75X100MM"},{"@type":"BreadcrumbList","@id":"https:\/\/www.dnimoepood.ee\/epood\/aiavork-75x100mm-2-1mm\/#breadcrumb","itemListElement":[{"@type":"ListItem","position":1,"name":"\u0413\u043b\u0430\u0432\u043d\u0430\u044f \u0441\u0442\u0440\u0430\u043d\u0438\u0446\u0430","item":"https:\/\/www.dnimoepood.ee\/"},{"@type":"ListItem","position":2,"name":"Tooted","item":"https:\/\/www.dnimoepood.ee\/e-pood\/"},{"@type":"ListItem","position":3,"name":"Aiav\u00f5rk 75x100mm \u00d82,1mm 25m RAL6005"}]},{"@type":"WebSite","@id":"https:\/\/www.dnimoepood.ee\/#website","url":"https:\/\/www.dnimoepood.ee\/","name":"DNIMOEPOOD.EE","description":"Teie kindel partner ehituses","publisher":{"@id":"https:\/\/www.dnimoepood.ee\/#organization"},"alternateName":"TERMOFASSAAD.EE","potentialAction":[{"@type":"SearchAction","target":{"@type":"EntryPoint","urlTemplate":"https:\/\/www.dnimoepood.ee\/?s={search_term_string}"},"query-input":{"@type":"PropertyValueSpecification","valueRequired":true,"valueName":"search_term_string"}}],"inLanguage":"ru-RU"},{"@type":"Organization","@id":"https:\/\/www.dnimoepood.ee\/#organization","name":"Dnimo O\u00dc","url":"https:\/\/www.dnimoepood.ee\/","logo":{"@type":"ImageObject","inLanguage":"ru-RU","@id":"https:\/\/www.dnimoepood.ee\/#\/schema\/logo\/image\/","url":"https:\/\/www.dnimoepood.ee\/wp-content\/uploads\/2020\/10\/LOGO.png","contentUrl":"https:\/\/www.dnimoepood.ee\/wp-content\/uploads\/2020\/10\/LOGO.png","width":909,"height":394,"caption":"Dnimo O\u00dc"},"image":{"@id":"https:\/\/www.dnimoepood.ee\/#\/schema\/logo\/image\/"},"sameAs":["https:\/\/www.facebook.com\/Dnimoepood"]}]}},"jetpack_sharing_enabled":true,"_links":{"self":[{"href":"https:\/\/www.dnimoepood.ee\/ru\/wp-json\/wp\/v2\/product\/3897","targetHints":{"allow":["GET"]}}],"collection":[{"href":"https:\/\/www.dnimoepood.ee\/ru\/wp-json\/wp\/v2\/product"}],"about":[{"href":"https:\/\/www.dnimoepood.ee\/ru\/wp-json\/wp\/v2\/types\/product"}],"wp:featuredmedia":[{"embeddable":true,"href":"https:\/\/www.dnimoepood.ee\/ru\/wp-json\/wp\/v2\/media\/3907"}],"wp:attachment":[{"href":"https:\/\/www.dnimoepood.ee\/ru\/wp-json\/wp\/v2\/media?parent=3897"}],"wp:term":[{"taxonomy":"product_brand","embeddable":true,"href":"https:\/\/www.dnimoepood.ee\/ru\/wp-json\/wp\/v2\/product_brand?post=3897"},{"taxonomy":"product_cat","embeddable":true,"href":"https:\/\/www.dnimoepood.ee\/ru\/wp-json\/wp\/v2\/product_cat?post=3897"},{"taxonomy":"product_tag","embeddable":true,"href":"https:\/\/www.dnimoepood.ee\/ru\/wp-json\/wp\/v2\/product_tag?post=3897"}],"curies":[{"name":"wp","href":"https:\/\/api.w.org\/{rel}","templated":true}]}}