{"id":4332,"date":"2025-01-30T13:27:22","date_gmt":"2025-01-30T11:27:22","guid":{"rendered":"https:\/\/www.dnimoepood.ee\/?post_type=product&#038;p=4332"},"modified":"2025-01-30T14:18:30","modified_gmt":"2025-01-30T12:18:30","slug":"gsm-moodul-esim320","status":"publish","type":"product","link":"https:\/\/www.dnimoepood.ee\/ru\/epood\/gsm-moodul-esim320\/","title":{"rendered":"GSM \u043c\u043e\u0434\u0443\u043b\u044c ESIM320 2G\/3G \u0434\u043b\u044f \u0430\u0432\u0442\u043e\u043c\u0430\u0442\u0438\u0437\u0430\u0446\u0438\u0438 \u0432\u043e\u0440\u043e\u0442"},"content":{"rendered":"<p>GSM \u043c\u043e\u0434\u0443\u043b\u044c ESIM320 2G\/3G \u0434\u043b\u044f \u0430\u0432\u0442\u043e\u043c\u0430\u0442\u0438\u0437\u0430\u0446\u0438\u0438 \u0432\u043e\u0440\u043e\u0442.<\/p>\n<p>GSM-\u043c\u043e\u0434\u0443\u043b\u044c ELDES ESIM320 \u043f\u0440\u0435\u0434\u0441\u0442\u0430\u0432\u043b\u044f\u0435\u0442 \u0441\u043e\u0431\u043e\u0439 \u0443\u0441\u0442\u0440\u043e\u0439\u0441\u0442\u0432\u043e \u043d\u0430 \u0431\u0430\u0437\u0435 \u043c\u0438\u043a\u0440\u043e\u043a\u043e\u043d\u0442\u0440\u043e\u043b\u043b\u0435\u0440\u0430, \u043f\u0440\u0435\u0434\u043d\u0430\u0437\u043d\u0430\u0447\u0435\u043d\u043d\u043e\u0435 \u0434\u043b\u044f \u0443\u043f\u0440\u0430\u0432\u043b\u0435\u043d\u0438\u044f \u0430\u0432\u0442\u043e\u043c\u0430\u0442\u0438\u043a\u043e\u0439 \u0432\u043e\u0440\u043e\u0442, \u0448\u043b\u0430\u0433\u0431\u0430\u0443\u043c\u0430 \u0438\u043b\u0438 \u0434\u0440\u0443\u0433\u043e\u0433\u043e \u0432\u0445\u043e\u0434\u0430 \u0447\u0435\u0440\u0435\u0437 \u0441\u0435\u0442\u044c GSM, \u0430 \u0442\u0430\u043a\u0436\u0435 \u0443\u0434\u0430\u043b\u0451\u043d\u043d\u043e\u0433\u043e \u0432\u043a\u043b\u044e\u0447\u0435\u043d\u0438\u044f\/\u0432\u044b\u043a\u043b\u044e\u0447\u0435\u043d\u0438\u044f \u043b\u044e\u0431\u043e\u0433\u043e \u044d\u043b\u0435\u043a\u0442\u0440\u0438\u0447\u0435\u0441\u043a\u043e\u0433\u043e \u0443\u0441\u0442\u0440\u043e\u0439\u0441\u0442\u0432\u0430.<\/p>\n<p><strong>\u0422\u0435\u0445\u043d\u0438\u0447\u0435\u0441\u043a\u0438\u0435 \u0434\u0430\u043d\u043d\u044b\u0435:<\/strong><\/p>\n<ul>\n<li>\u041f\u043e\u043b\u044c\u0437\u043e\u0432\u0430\u0442\u0435\u043b\u0438: \u0434\u043e 5<\/li>\n<li>\u041e\u0431\u044a\u0451\u043c \u043f\u043e\u043b\u044c\u0437\u043e\u0432\u0430\u0442\u0435\u043b\u044c\u0441\u043a\u043e\u0439 \u0431\u0430\u0437\u044b \u0434\u0430\u043d\u043d\u044b\u0445: \u0434\u043e 2000<\/li>\n<li>\u042d\u043b\u0435\u043a\u0442\u0440\u043e\u043f\u0438\u0442\u0430\u043d\u0438\u0435: 10\u201324 \u0412, 50 \u0413\u0446 ~ 200 \u043c\u0410 \u043c\u0430\u043a\u0441. \/ 10\u201324 \u0412 200 \u043c\u0410 \u043c\u0430\u043a\u0441.<\/li>\n<li>\u041f\u043e\u0442\u0440\u0435\u0431\u043b\u044f\u0435\u043c\u0430\u044f \u043c\u043e\u0449\u043d\u043e\u0441\u0442\u044c \u0432 \u0440\u0435\u0436\u0438\u043c\u0435 \u043e\u0436\u0438\u0434\u0430\u043d\u0438\u044f: \u0434\u043e 50 \u043c\u0410<\/li>\n<li>\u0427\u0430\u0441\u0442\u043e\u0442\u0430 GSM-\u043c\u043e\u0434\u0435\u043c\u0430: ESIM320 3G\/2G EU 900\/1800\/2100 \u041c\u0413\u0446<\/li>\n<li>\u041a\u043e\u043b\u0438\u0447\u0435\u0441\u0442\u0432\u043e \u0432\u0445\u043e\u0434\u043e\u0432: 3<\/li>\n<li>\u041a\u043e\u043b\u0438\u0447\u0435\u0441\u0442\u0432\u043e \u0432\u044b\u0445\u043e\u0434\u043e\u0432: 2<\/li>\n<li>\u0422\u0438\u043f \u0432\u044b\u0445\u043e\u0434\u0430: \u0420\u0435\u043b\u0435<\/li>\n<li>\u041c\u0430\u043a\u0441\u0438\u043c\u0430\u043b\u044c\u043d\u044b\u0439 \u043a\u043e\u043c\u043c\u0443\u0442\u0438\u0440\u0443\u0435\u043c\u044b\u0439 \u0432\u044b\u0445\u043e\u0434: 24 \u0412, 50 \u0413\u0446 ~ 0,5 \u0410\/24 \u0412, 1 \u0410.<\/li>\n<li>\u0421\u043f\u0438\u0441\u043e\u043a \u0441\u043e\u0431\u044b\u0442\u0438\u0439: \u0434\u043e 1000 \u0441\u043e\u0431\u044b\u0442\u0438\u0439<\/li>\n<li>\u0420\u0430\u0437\u043c\u0435\u0440\u044b 87\u00d7107\u00d729 \u043c\u043c<\/li>\n<li>\u0414\u0438\u0430\u043f\u0430\u0437\u043e\u043d \u0440\u0430\u0431\u043e\u0447\u0438\u0445 \u0442\u0435\u043c\u043f\u0435\u0440\u0430\u0442\u0443\u0440 -20\u2026+55 \u00b0\u0421.<\/li>\n<li>\u0412\u043b\u0430\u0436\u043d\u043e\u0441\u0442\u044c 0\u201390 % \u043e\u0442\u043d\u043e\u0441\u0438\u0442\u0435\u043b\u044c\u043d\u043e\u0439 \u0432\u043b\u0430\u0436\u043d\u043e\u0441\u0442\u0438 \u043f\u0440\u0438 0\u2026 +40\u00a0\u00b0C (0\u201390\u00a0% \u043e\u0442\u043d\u043e\u0441\u0438\u0442\u0435\u043b\u044c\u043d\u043e\u0439 \u0432\u043b\u0430\u0436\u043d\u043e\u0441\u0442\u0438 \u043f\u0440\u0438 +32\u2026 +104\u00a0\u00b0F) (\u0431\u0435\u0437 \u043a\u043e\u043d\u0434\u0435\u043d\u0441\u0430\u0446\u0438\u0438)<\/li>\n<\/ul>\n<p>&nbsp;<\/p>\n<p><strong>\u0412 \u043a\u043e\u043c\u043f\u043b\u0435\u043a\u0442\u0435:<\/strong><\/p>\n<ul>\n<li>ELDES ESIM320 GSM 2G\/3G \u2013 1 \u0448\u0442<\/li>\n<\/ul>\n<p>&nbsp;<\/p>\n<p><strong>\u041e\u0441\u043d\u043e\u0432\u043d\u044b\u0435 \u0445\u0430\u0440\u0430\u043a\u0442\u0435\u0440\u0438\u0441\u0442\u0438\u043a\u0438:<\/strong><\/p>\n<ul>\n<li>\u0423\u043f\u0440\u0430\u0432\u043b\u0435\u043d\u0438\u0435 \u043f\u043e \u0431\u0435\u0441\u043f\u043b\u0430\u0442\u043d\u043e\u043c\u0443 \u0437\u0432\u043e\u043d\u043a\u0443: \u043a\u043e\u0433\u0434\u0430 \u043a\u043e\u043d\u0442\u0440\u043e\u043b\u043b\u0435\u0440 \u0440\u0435\u0433\u0438\u0441\u0442\u0440\u0438\u0440\u0443\u0435\u0442 \u043d\u043e\u043c\u0435\u0440 \u0437\u0432\u043e\u043d\u044f\u0449\u0435\u0433\u043e, \u0432\u044b\u0445\u043e\u0434 \u0430\u043a\u0442\u0438\u0432\u0438\u0440\u0443\u0435\u0442\u0441\u044f \u0438 \u0437\u0432\u043e\u043d\u043e\u043a \u0440\u0430\u0437\u044a\u0435\u0434\u0438\u043d\u044f\u0435\u0442\u0441\u044f \u0431\u0435\u0437 \u043e\u0442\u0432\u0435\u0442\u0430 \u043d\u0430 \u043d\u0435\u0433\u043e.<\/li>\n<li>\u0423\u043f\u0440\u0430\u0432\u043b\u0435\u043d\u0438\u0435 \u0441 \u043f\u043e\u043c\u043e\u0449\u044c\u044e \u043c\u043e\u0431\u0438\u043b\u044c\u043d\u043e\u0433\u043e \u043f\u0440\u0438\u043b\u043e\u0436\u0435\u043d\u0438\u044f: \u043d\u0430\u0436\u0430\u0442\u0438\u0435 \u0438\u043a\u043e\u043d\u043a\u0438 \u043d\u0430 \u044d\u043a\u0440\u0430\u043d\u0435 \u0442\u0435\u043b\u0435\u0444\u043e\u043d\u0430 \u0430\u043a\u0442\u0438\u0432\u0438\u0440\u0443\u0435\u0442 \u0432\u044b\u0445\u043e\u0434.<\/li>\n<li>\u041d\u0430\u0441\u0442\u0440\u043e\u0439\u043a\u0430 \u0441\u0438\u0441\u0442\u0435\u043c\u044b \u0442\u0435\u043b\u0435\u0444\u043e\u043d\u043d\u044b\u0445 \u043d\u043e\u043c\u0435\u0440\u043e\u0432 \u0434\u043e 5 \u043f\u043e\u043b\u044c\u0437\u043e\u0432\u0430\u0442\u0435\u043b\u0435\u0439 \u0441 \u043f\u043e\u043c\u043e\u0449\u044c\u044e SMS, \u0432\u0445\u043e\u0434\u043d\u043e\u0439 \u0441\u0438\u0433\u043d\u0430\u043b \u0442\u0440\u0435\u0432\u043e\u0433\u0438 \u0434\u043b\u044f \u043f\u043e\u043b\u0443\u0447\u0435\u043d\u0438\u044f SMS-\u0441\u043e\u043e\u0431\u0449\u0435\u043d\u0438\u0439 \u0438 \u0437\u0432\u043e\u043d\u043a\u043e\u0432, \u0443\u043f\u0440\u0430\u0432\u043b\u0435\u043d\u0438\u0435 \u0432\u044b\u0445\u043e\u0434\u043e\u043c \u0441 \u043f\u043e\u043c\u043e\u0449\u044c\u044e SMS \u0438 \u0431\u0435\u0441\u043f\u043b\u0430\u0442\u043d\u044b\u0439 \u0437\u0432\u043e\u043d\u043e\u043a.<\/li>\n<li>\u041e\u0431\u044a\u0451\u043c \u043f\u043e\u043b\u044c\u0437\u043e\u0432\u0430\u0442\u0435\u043b\u044c\u0441\u043a\u043e\u0439 \u0431\u0430\u0437\u044b \u0434\u0430\u043d\u043d\u044b\u0445 \u0434\u043e 2000 \u043f\u043e\u043b\u044c\u0437\u043e\u0432\u0430\u0442\u0435\u043b\u0435\u0439 \u0434\u043b\u044f \u0443\u043f\u0440\u0430\u0432\u043b\u0435\u043d\u0438\u044f \u0432\u044b\u0445\u043e\u0434\u043e\u043c \u043f\u043e\u0441\u0440\u0435\u0434\u0441\u0442\u0432\u043e\u043c \u0431\u0435\u0441\u043f\u043b\u0430\u0442\u043d\u043e\u0433\u043e \u0442\u0435\u043b\u0435\u0444\u043e\u043d\u043d\u043e\u0433\u043e \u0437\u0432\u043e\u043d\u043a\u0430.<\/li>\n<li>\u0412\u043e\u0437\u043c\u043e\u0436\u043d\u043e\u0441\u0442\u044c \u0443\u043f\u0440\u0430\u0432\u043b\u0435\u043d\u0438\u044f \u0432\u0445\u043e\u0434\u043e\u043c\/\u0432\u044b\u0445\u043e\u0434\u043e\u043c \u043f\u043e  \u0437\u0430\u0434\u0430\u043d\u043d\u043e\u043c\u0443 \u0440\u0430\u0441\u043f\u0438\u0441\u0430\u043d\u0438\u044e, \u043d\u0430\u043f\u0440\u0438\u043c\u0435\u0440, \u0432\u043e\u0440\u043e\u0442\u0430 \u043e\u0442\u043a\u0440\u044b\u0432\u0430\u044e\u0442\u0441\u044f \u0442\u043e\u043b\u044c\u043a\u043e \u0432 \u0440\u0430\u0431\u043e\u0447\u0435\u0435 \u0432\u0440\u0435\u043c\u044f.<\/li>\n<li>\u041e\u0433\u0440\u0430\u043d\u0438\u0447\u0435\u043d\u0438\u0435 \u0441\u0440\u043e\u043a\u0430 \u0434\u0435\u0439\u0441\u0442\u0432\u0438\u044f \u043d\u043e\u043c\u0435\u0440\u0430 \u0442\u0435\u043b\u0435\u0444\u043e\u043d\u0430 \u043f\u043e\u043b\u044c\u0437\u043e\u0432\u0430\u0442\u0435\u043b\u044f \u043f\u043e \u0443\u0441\u0442\u0430\u043d\u043e\u0432\u043b\u0435\u043d\u043d\u043e\u043c\u0443 \u0441\u0440\u043e\u043a\u0443 (\u0434\u0430\u0442\u0435\/\u0432\u0440\u0435\u043c\u0435\u043d\u0438) \u0438\u043b\u0438 \u043a\u043e\u043b\u0438\u0447\u0435\u0441\u0442\u0432\u0443 \u0437\u0432\u043e\u043d\u043a\u043e\u0432 \u0441\u0438\u0441\u0442\u0435\u043c\u044b.<\/li>\n<li>\u0412\u043e\u0437\u043c\u043e\u0436\u043d\u043e\u0441\u0442\u044c \u043e\u0433\u0440\u0430\u043d\u0438\u0447\u0438\u0432\u0430\u043d\u0438\u044f \u0432\u0445\u043e\u0434\u0430\/\u0432\u044b\u0445\u043e\u0434\u0430   \u043f\u043e\u043b\u044c\u0437\u043e\u0432\u0430\u0442\u0435\u043b\u044f\u043c \u043f\u043e \u0437\u0430\u0434\u0430\u043d\u043d\u043e\u043c\u0443 \u0440\u0430\u0441\u043f\u0438\u0441\u0430\u043d\u0438\u044e.<\/li>\n<li>\u0421\u043f\u0438\u0441\u043e\u043a \u0441\u043e\u0431\u044b\u0442\u0438\u0439 \u043d\u0430 1000 \u0437\u0430\u043f\u0438\u0441\u0435\u0439, \u0432\u043a\u043b\u044e\u0447\u0430\u044f \u0442\u043e\u0447\u043d\u0443\u044e \u0434\u0430\u0442\u0443 \u0438 \u0432\u0440\u0435\u043c\u044f \u0441\u043e\u0431\u044b\u0442\u0438\u044f, \u0430 \u0442\u0430\u043a\u0436\u0435 \u043d\u043e\u043c\u0435\u0440 \u0442\u0435\u043b\u0435\u0444\u043e\u043d\u0430 \u0438 \u0438\u043c\u044f \u043f\u043e\u043b\u044c\u0437\u043e\u0432\u0430\u0442\u0435\u043b\u044f \u0430\u0434\u043c\u0438\u043d\u0438\u0441\u0442\u0440\u0430\u0442\u043e\u0440\u0430\/\u043f\u043e\u043b\u044c\u0437\u043e\u0432\u0430\u0442\u0435\u043b\u044f, \u043a\u043e\u0442\u043e\u0440\u044b\u0439 \u0432\u044b\u0448\u0435\u043b.<\/li>\n<li>3 \u0432\u0445\u043e\u0434\u0430 \u0441 \u043d\u0430\u0441\u0442\u0440\u0430\u0438\u0432\u0430\u0435\u043c\u044b\u043c\u0438 \u0442\u0435\u043a\u0441\u0442\u0430\u043c\u0438 \u0441\u0438\u0433\u043d\u0430\u043b\u043e\u0432 \u0442\u0440\u0435\u0432\u043e\u0433\u0438 \u0434\u043b\u044f \u0441\u043e\u043e\u0431\u0449\u0435\u043d\u0438\u044f \u043e \u0441\u043e\u0441\u0442\u043e\u044f\u043d\u0438\u0438 \u0432\u043e\u0440\u043e\u0442 \u0438\u043b\u0438 \u043e\u0431 \u043e\u0448\u0438\u0431\u043a\u0430\u0445 \u0432 \u0438\u0445 \u0440\u0430\u0431\u043e\u0442\u0435.<\/li>\n<li>\u041f\u0435\u0440\u0438\u043e\u0434\u0438\u0447\u0435\u0441\u043a\u043e\u0435 \u0443\u0432\u0435\u0434\u043e\u043c\u043b\u0435\u043d\u0438\u0435 \u043e \u0441\u0430\u043c\u043e\u0442\u0435\u0441\u0442\u0438\u0440\u043e\u0432\u0430\u043d\u0438\u0438 \u043f\u043e\u0441\u0440\u0435\u0434\u0441\u0442\u0432\u043e\u043c \u0442\u0435\u043a\u0441\u0442\u043e\u0432\u043e\u0433\u043e \u0441\u043e\u043e\u0431\u0449\u0435\u043d\u0438\u044f SMS \u043d\u0430 \u043d\u043e\u043c\u0435\u0440 \u0442\u0435\u043b\u0435\u0444\u043e\u043d\u0430 \u0430\u0434\u043c\u0438\u043d\u0438\u0441\u0442\u0440\u0430\u0442\u043e\u0440\u0430.<\/li>\n<\/ul>\n<p>&nbsp;<\/p>\n<p class=\"responsive-video-wrap clr\"><iframe loading=\"lazy\" title=\"How to set-up ELDES gate controller ESIM320\" width=\"1200\" height=\"675\" src=\"https:\/\/www.youtube.com\/embed\/4F8r7YY5oEc?start=3&#038;feature=oembed\" frameborder=\"0\" allow=\"accelerometer; autoplay; clipboard-write; encrypted-media; gyroscope; picture-in-picture; web-share\" referrerpolicy=\"strict-origin-when-cross-origin\" allowfullscreen><\/iframe><\/p>","protected":false},"excerpt":{"rendered":"<p>\u0426\u0435\u043d\u0430 \u0441\u043e\u0434\u0435\u0440\u0436\u0438\u0442 \u041d\u0414\u0421<\/p>","protected":false},"featured_media":4334,"template":"","meta":{"ngg_post_thumbnail":0,"ocean_post_layout":"","ocean_both_sidebars_style":"","ocean_both_sidebars_content_width":0,"ocean_both_sidebars_sidebars_width":0,"ocean_sidebar":"0","ocean_second_sidebar":"0","ocean_disable_margins":"enable","ocean_add_body_class":"","ocean_shortcode_before_top_bar":"","ocean_shortcode_after_top_bar":"","ocean_shortcode_before_header":"","ocean_shortcode_after_header":"","ocean_has_shortcode":"","ocean_shortcode_after_title":"","ocean_shortcode_before_footer_widgets":"","ocean_shortcode_after_footer_widgets":"","ocean_shortcode_before_footer_bottom":"","ocean_shortcode_after_footer_bottom":"","ocean_display_top_bar":"default","ocean_display_header":"default","ocean_header_style":"","ocean_center_header_left_menu":"0","ocean_custom_header_template":"0","ocean_custom_logo":0,"ocean_custom_retina_logo":0,"ocean_custom_logo_max_width":0,"ocean_custom_logo_tablet_max_width":0,"ocean_custom_logo_mobile_max_width":0,"ocean_custom_logo_max_height":0,"ocean_custom_logo_tablet_max_height":0,"ocean_custom_logo_mobile_max_height":0,"ocean_header_custom_menu":"0","ocean_menu_typo_font_family":"0","ocean_menu_typo_font_subset":"","ocean_menu_typo_font_size":0,"ocean_menu_typo_font_size_tablet":0,"ocean_menu_typo_font_size_mobile":0,"ocean_menu_typo_font_size_unit":"px","ocean_menu_typo_font_weight":"","ocean_menu_typo_font_weight_tablet":"","ocean_menu_typo_font_weight_mobile":"","ocean_menu_typo_transform":"","ocean_menu_typo_transform_tablet":"","ocean_menu_typo_transform_mobile":"","ocean_menu_typo_line_height":0,"ocean_menu_typo_line_height_tablet":0,"ocean_menu_typo_line_height_mobile":0,"ocean_menu_typo_line_height_unit":"","ocean_menu_typo_spacing":0,"ocean_menu_typo_spacing_tablet":0,"ocean_menu_typo_spacing_mobile":0,"ocean_menu_typo_spacing_unit":"","ocean_menu_link_color":"","ocean_menu_link_color_hover":"","ocean_menu_link_color_active":"","ocean_menu_link_background":"","ocean_menu_link_hover_background":"","ocean_menu_link_active_background":"","ocean_menu_social_links_bg":"","ocean_menu_social_hover_links_bg":"","ocean_menu_social_links_color":"","ocean_menu_social_hover_links_color":"","ocean_disable_title":"default","ocean_disable_heading":"default","ocean_post_title":"","ocean_post_subheading":"","ocean_post_title_style":"","ocean_post_title_background_color":"","ocean_post_title_background":0,"ocean_post_title_bg_image_position":"","ocean_post_title_bg_image_attachment":"","ocean_post_title_bg_image_repeat":"","ocean_post_title_bg_image_size":"","ocean_post_title_height":400,"ocean_post_title_bg_overlay":0.5,"ocean_post_title_bg_overlay_color":"","ocean_disable_breadcrumbs":"default","ocean_breadcrumbs_color":"","ocean_breadcrumbs_separator_color":"","ocean_breadcrumbs_links_color":"","ocean_breadcrumbs_links_hover_color":"","ocean_display_footer_widgets":"default","ocean_display_footer_bottom":"default","ocean_custom_footer_template":"0","omw_enable_modal_window":"enable"},"product_brand":[],"product_cat":[85,84],"product_tag":[86],"class_list":{"0":"post-4332","1":"product","2":"type-product","3":"status-publish","4":"has-post-thumbnail","6":"product_cat-lisatarvikud","7":"product_cat-varavaautomaatika","8":"product_tag-varavaautomaatika","10":"entry","11":"has-media","13":"first","14":"instock","15":"taxable","16":"shipping-taxable","17":"purchasable","18":"product-type-simple","19":"has-product-nav","20":"col","21":"span_1_of_4","22":"owp-content-center","23":"owp-thumbs-layout-horizontal","24":"owp-btn-normal","25":"owp-tabs-layout-horizontal"},"yoast_head":"<!-- This site is optimized with the Yoast SEO plugin v27.5 - https:\/\/yoast.com\/product\/yoast-seo-wordpress\/ -->\n<title>GSM moodul ESIM320 parima hinnaga!<\/title>\n<meta name=\"description\" content=\"GSM moodul ESIM320 v\u00e4ravaautomaatikale - Ladu asub Maardus, Vana-Narva mnt 30 - V\u00e4ravad, aiapaneelid, aiapostid - M\u00fc\u00fck ja Paigaldu\" \/>\n<meta name=\"robots\" content=\"index, follow, max-snippet:-1, max-image-preview:large, max-video-preview:-1\" \/>\n<link rel=\"canonical\" href=\"https:\/\/www.dnimoepood.ee\/ru\/epood\/gsm-moodul-esim320\/\" \/>\n<meta property=\"og:locale\" content=\"ru_RU\" \/>\n<meta property=\"og:type\" content=\"article\" \/>\n<meta property=\"og:title\" content=\"GSM moodul ESIM320 parima hinnaga!\" \/>\n<meta property=\"og:description\" content=\"GSM moodul ESIM320 v\u00e4ravaautomaatikale - Ladu asub Maardus, Vana-Narva mnt 30 - V\u00e4ravad, aiapaneelid, aiapostid - M\u00fc\u00fck ja Paigaldu\" \/>\n<meta property=\"og:url\" content=\"https:\/\/www.dnimoepood.ee\/ru\/epood\/gsm-moodul-esim320\/\" \/>\n<meta property=\"og:site_name\" content=\"DNIMO O\u00dc\" \/>\n<meta property=\"article:publisher\" content=\"https:\/\/www.facebook.com\/Dnimoepood\" \/>\n<meta property=\"article:modified_time\" content=\"2025-01-30T12:18:30+00:00\" \/>\n<meta property=\"og:image\" content=\"https:\/\/www.dnimoepood.ee\/wp-content\/uploads\/2025\/01\/Eldes_www_header_new_ESIM320.webp\" \/>\n\t<meta property=\"og:image:width\" content=\"1020\" \/>\n\t<meta property=\"og:image:height\" content=\"640\" \/>\n\t<meta property=\"og:image:type\" content=\"image\/webp\" \/>\n<meta name=\"twitter:card\" content=\"summary_large_image\" \/>\n<meta name=\"twitter:label1\" content=\"\u041f\u0440\u0438\u043c\u0435\u0440\u043d\u043e\u0435 \u0432\u0440\u0435\u043c\u044f \u0434\u043b\u044f \u0447\u0442\u0435\u043d\u0438\u044f\" \/>\n\t<meta name=\"twitter:data1\" content=\"2 \u043c\u0438\u043d\u0443\u0442\u044b\" \/>\n<script type=\"application\/ld+json\" class=\"yoast-schema-graph\">{\"@context\":\"https:\\\/\\\/schema.org\",\"@graph\":[{\"@type\":\"WebPage\",\"@id\":\"https:\\\/\\\/www.dnimoepood.ee\\\/epood\\\/gsm-moodul-esim320\\\/\",\"url\":\"https:\\\/\\\/www.dnimoepood.ee\\\/epood\\\/gsm-moodul-esim320\\\/\",\"name\":\"GSM moodul ESIM320 parima hinnaga!\",\"isPartOf\":{\"@id\":\"https:\\\/\\\/www.dnimoepood.ee\\\/#website\"},\"primaryImageOfPage\":{\"@id\":\"https:\\\/\\\/www.dnimoepood.ee\\\/epood\\\/gsm-moodul-esim320\\\/#primaryimage\"},\"image\":{\"@id\":\"https:\\\/\\\/www.dnimoepood.ee\\\/epood\\\/gsm-moodul-esim320\\\/#primaryimage\"},\"thumbnailUrl\":\"https:\\\/\\\/www.dnimoepood.ee\\\/wp-content\\\/uploads\\\/2025\\\/01\\\/Eldes_www_header_new_ESIM320.webp\",\"datePublished\":\"2025-01-30T11:27:22+00:00\",\"dateModified\":\"2025-01-30T12:18:30+00:00\",\"description\":\"GSM moodul ESIM320 v\u00e4ravaautomaatikale - Ladu asub Maardus, Vana-Narva mnt 30 - V\u00e4ravad, aiapaneelid, aiapostid - M\u00fc\u00fck ja Paigaldu\",\"breadcrumb\":{\"@id\":\"https:\\\/\\\/www.dnimoepood.ee\\\/epood\\\/gsm-moodul-esim320\\\/#breadcrumb\"},\"inLanguage\":\"ru-RU\",\"potentialAction\":[{\"@type\":\"ReadAction\",\"target\":[\"https:\\\/\\\/www.dnimoepood.ee\\\/epood\\\/gsm-moodul-esim320\\\/\"]}]},{\"@type\":\"ImageObject\",\"inLanguage\":\"ru-RU\",\"@id\":\"https:\\\/\\\/www.dnimoepood.ee\\\/epood\\\/gsm-moodul-esim320\\\/#primaryimage\",\"url\":\"https:\\\/\\\/www.dnimoepood.ee\\\/wp-content\\\/uploads\\\/2025\\\/01\\\/Eldes_www_header_new_ESIM320.webp\",\"contentUrl\":\"https:\\\/\\\/www.dnimoepood.ee\\\/wp-content\\\/uploads\\\/2025\\\/01\\\/Eldes_www_header_new_ESIM320.webp\",\"width\":1020,\"height\":640,\"caption\":\"gsm moodul ESIM320 2G\\\/3G\"},{\"@type\":\"BreadcrumbList\",\"@id\":\"https:\\\/\\\/www.dnimoepood.ee\\\/epood\\\/gsm-moodul-esim320\\\/#breadcrumb\",\"itemListElement\":[{\"@type\":\"ListItem\",\"position\":1,\"name\":\"\u0413\u043b\u0430\u0432\u043d\u0430\u044f \u0441\u0442\u0440\u0430\u043d\u0438\u0446\u0430\",\"item\":\"https:\\\/\\\/www.dnimoepood.ee\\\/\"},{\"@type\":\"ListItem\",\"position\":2,\"name\":\"Tooted\",\"item\":\"https:\\\/\\\/www.dnimoepood.ee\\\/e-pood\\\/\"},{\"@type\":\"ListItem\",\"position\":3,\"name\":\"GSM moodul ESIM320 2G\\\/3G v\u00e4ravaautomaatikale\"}]},{\"@type\":\"WebSite\",\"@id\":\"https:\\\/\\\/www.dnimoepood.ee\\\/#website\",\"url\":\"https:\\\/\\\/www.dnimoepood.ee\\\/\",\"name\":\"DNIMOEPOOD.EE\",\"description\":\"Teie kindel partner ehituses\",\"publisher\":{\"@id\":\"https:\\\/\\\/www.dnimoepood.ee\\\/#organization\"},\"alternateName\":\"TERMOFASSAAD.EE\",\"potentialAction\":[{\"@type\":\"SearchAction\",\"target\":{\"@type\":\"EntryPoint\",\"urlTemplate\":\"https:\\\/\\\/www.dnimoepood.ee\\\/?s={search_term_string}\"},\"query-input\":{\"@type\":\"PropertyValueSpecification\",\"valueRequired\":true,\"valueName\":\"search_term_string\"}}],\"inLanguage\":\"ru-RU\"},{\"@type\":\"Organization\",\"@id\":\"https:\\\/\\\/www.dnimoepood.ee\\\/#organization\",\"name\":\"Dnimo O\u00dc\",\"url\":\"https:\\\/\\\/www.dnimoepood.ee\\\/\",\"logo\":{\"@type\":\"ImageObject\",\"inLanguage\":\"ru-RU\",\"@id\":\"https:\\\/\\\/www.dnimoepood.ee\\\/#\\\/schema\\\/logo\\\/image\\\/\",\"url\":\"https:\\\/\\\/www.dnimoepood.ee\\\/wp-content\\\/uploads\\\/2020\\\/10\\\/LOGO.png\",\"contentUrl\":\"https:\\\/\\\/www.dnimoepood.ee\\\/wp-content\\\/uploads\\\/2020\\\/10\\\/LOGO.png\",\"width\":909,\"height\":394,\"caption\":\"Dnimo O\u00dc\"},\"image\":{\"@id\":\"https:\\\/\\\/www.dnimoepood.ee\\\/#\\\/schema\\\/logo\\\/image\\\/\"},\"sameAs\":[\"https:\\\/\\\/www.facebook.com\\\/Dnimoepood\"]}]}<\/script>\n<!-- \/ Yoast SEO plugin. -->","yoast_head_json":{"title":"GSM moodul ESIM320 parima hinnaga!","description":"GSM moodul ESIM320 v\u00e4ravaautomaatikale - Ladu asub Maardus, Vana-Narva mnt 30 - V\u00e4ravad, aiapaneelid, aiapostid - M\u00fc\u00fck ja Paigaldu","robots":{"index":"index","follow":"follow","max-snippet":"max-snippet:-1","max-image-preview":"max-image-preview:large","max-video-preview":"max-video-preview:-1"},"canonical":"https:\/\/www.dnimoepood.ee\/ru\/epood\/gsm-moodul-esim320\/","og_locale":"ru_RU","og_type":"article","og_title":"GSM moodul ESIM320 parima hinnaga!","og_description":"GSM moodul ESIM320 v\u00e4ravaautomaatikale - Ladu asub Maardus, Vana-Narva mnt 30 - V\u00e4ravad, aiapaneelid, aiapostid - M\u00fc\u00fck ja Paigaldu","og_url":"https:\/\/www.dnimoepood.ee\/ru\/epood\/gsm-moodul-esim320\/","og_site_name":"DNIMO O\u00dc","article_publisher":"https:\/\/www.facebook.com\/Dnimoepood","article_modified_time":"2025-01-30T12:18:30+00:00","og_image":[{"width":1020,"height":640,"url":"https:\/\/www.dnimoepood.ee\/wp-content\/uploads\/2025\/01\/Eldes_www_header_new_ESIM320.webp","type":"image\/webp"}],"twitter_card":"summary_large_image","twitter_misc":{"\u041f\u0440\u0438\u043c\u0435\u0440\u043d\u043e\u0435 \u0432\u0440\u0435\u043c\u044f \u0434\u043b\u044f \u0447\u0442\u0435\u043d\u0438\u044f":"2 \u043c\u0438\u043d\u0443\u0442\u044b"},"schema":{"@context":"https:\/\/schema.org","@graph":[{"@type":"WebPage","@id":"https:\/\/www.dnimoepood.ee\/epood\/gsm-moodul-esim320\/","url":"https:\/\/www.dnimoepood.ee\/epood\/gsm-moodul-esim320\/","name":"GSM moodul ESIM320 parima hinnaga!","isPartOf":{"@id":"https:\/\/www.dnimoepood.ee\/#website"},"primaryImageOfPage":{"@id":"https:\/\/www.dnimoepood.ee\/epood\/gsm-moodul-esim320\/#primaryimage"},"image":{"@id":"https:\/\/www.dnimoepood.ee\/epood\/gsm-moodul-esim320\/#primaryimage"},"thumbnailUrl":"https:\/\/www.dnimoepood.ee\/wp-content\/uploads\/2025\/01\/Eldes_www_header_new_ESIM320.webp","datePublished":"2025-01-30T11:27:22+00:00","dateModified":"2025-01-30T12:18:30+00:00","description":"GSM moodul ESIM320 v\u00e4ravaautomaatikale - Ladu asub Maardus, Vana-Narva mnt 30 - V\u00e4ravad, aiapaneelid, aiapostid - M\u00fc\u00fck ja Paigaldu","breadcrumb":{"@id":"https:\/\/www.dnimoepood.ee\/epood\/gsm-moodul-esim320\/#breadcrumb"},"inLanguage":"ru-RU","potentialAction":[{"@type":"ReadAction","target":["https:\/\/www.dnimoepood.ee\/epood\/gsm-moodul-esim320\/"]}]},{"@type":"ImageObject","inLanguage":"ru-RU","@id":"https:\/\/www.dnimoepood.ee\/epood\/gsm-moodul-esim320\/#primaryimage","url":"https:\/\/www.dnimoepood.ee\/wp-content\/uploads\/2025\/01\/Eldes_www_header_new_ESIM320.webp","contentUrl":"https:\/\/www.dnimoepood.ee\/wp-content\/uploads\/2025\/01\/Eldes_www_header_new_ESIM320.webp","width":1020,"height":640,"caption":"gsm moodul ESIM320 2G\/3G"},{"@type":"BreadcrumbList","@id":"https:\/\/www.dnimoepood.ee\/epood\/gsm-moodul-esim320\/#breadcrumb","itemListElement":[{"@type":"ListItem","position":1,"name":"\u0413\u043b\u0430\u0432\u043d\u0430\u044f \u0441\u0442\u0440\u0430\u043d\u0438\u0446\u0430","item":"https:\/\/www.dnimoepood.ee\/"},{"@type":"ListItem","position":2,"name":"Tooted","item":"https:\/\/www.dnimoepood.ee\/e-pood\/"},{"@type":"ListItem","position":3,"name":"GSM moodul ESIM320 2G\/3G v\u00e4ravaautomaatikale"}]},{"@type":"WebSite","@id":"https:\/\/www.dnimoepood.ee\/#website","url":"https:\/\/www.dnimoepood.ee\/","name":"DNIMOEPOOD.EE","description":"Teie kindel partner ehituses","publisher":{"@id":"https:\/\/www.dnimoepood.ee\/#organization"},"alternateName":"TERMOFASSAAD.EE","potentialAction":[{"@type":"SearchAction","target":{"@type":"EntryPoint","urlTemplate":"https:\/\/www.dnimoepood.ee\/?s={search_term_string}"},"query-input":{"@type":"PropertyValueSpecification","valueRequired":true,"valueName":"search_term_string"}}],"inLanguage":"ru-RU"},{"@type":"Organization","@id":"https:\/\/www.dnimoepood.ee\/#organization","name":"Dnimo O\u00dc","url":"https:\/\/www.dnimoepood.ee\/","logo":{"@type":"ImageObject","inLanguage":"ru-RU","@id":"https:\/\/www.dnimoepood.ee\/#\/schema\/logo\/image\/","url":"https:\/\/www.dnimoepood.ee\/wp-content\/uploads\/2020\/10\/LOGO.png","contentUrl":"https:\/\/www.dnimoepood.ee\/wp-content\/uploads\/2020\/10\/LOGO.png","width":909,"height":394,"caption":"Dnimo O\u00dc"},"image":{"@id":"https:\/\/www.dnimoepood.ee\/#\/schema\/logo\/image\/"},"sameAs":["https:\/\/www.facebook.com\/Dnimoepood"]}]}},"jetpack_sharing_enabled":true,"_links":{"self":[{"href":"https:\/\/www.dnimoepood.ee\/ru\/wp-json\/wp\/v2\/product\/4332","targetHints":{"allow":["GET"]}}],"collection":[{"href":"https:\/\/www.dnimoepood.ee\/ru\/wp-json\/wp\/v2\/product"}],"about":[{"href":"https:\/\/www.dnimoepood.ee\/ru\/wp-json\/wp\/v2\/types\/product"}],"wp:featuredmedia":[{"embeddable":true,"href":"https:\/\/www.dnimoepood.ee\/ru\/wp-json\/wp\/v2\/media\/4334"}],"wp:attachment":[{"href":"https:\/\/www.dnimoepood.ee\/ru\/wp-json\/wp\/v2\/media?parent=4332"}],"wp:term":[{"taxonomy":"product_brand","embeddable":true,"href":"https:\/\/www.dnimoepood.ee\/ru\/wp-json\/wp\/v2\/product_brand?post=4332"},{"taxonomy":"product_cat","embeddable":true,"href":"https:\/\/www.dnimoepood.ee\/ru\/wp-json\/wp\/v2\/product_cat?post=4332"},{"taxonomy":"product_tag","embeddable":true,"href":"https:\/\/www.dnimoepood.ee\/ru\/wp-json\/wp\/v2\/product_tag?post=4332"}],"curies":[{"name":"wp","href":"https:\/\/api.w.org\/{rel}","templated":true}]}}